{"id":969,"date":"2023-05-30T16:00:49","date_gmt":"2023-05-30T14:00:49","guid":{"rendered":"http:\/\/www.mostkatowice.pl\/?page_id=969"},"modified":"2025-09-18T16:39:20","modified_gmt":"2025-09-18T14:39:20","slug":"spilno-hub-unicef-katowice","status":"publish","type":"page","link":"https:\/\/www.mostkatowice.pl\/en\/projekty-stare\/spilno-hub-unicef-katowice\/","title":{"rendered":"Spilno Hub Katowice"},"content":{"rendered":"<h2 class=\"wp-block-heading\"><strong>Czym jest Centrum Spilno Hub \u2013 UNICEF Katowice?&nbsp;<\/strong><\/h2>\n\n\n\n<p>To przestrze\u0144 przyjazna integracji spo\u0142eczno\u015bci polskiej i uchod\u017aczej, kt\u00f3ra powsta\u0142a w ramach porozumienia pomi\u0119dzy Miastem Katowice a Funduszem Narod\u00f3w Zjednoczonych na Rzecz Dzieci \u2013 UNICEF. Centrum dzia\u0142a na zasadzie kawiarni spo\u0142ecznej. Dzia\u0142alno\u015b\u0107 Centrum polega na<strong>&nbsp;<\/strong>aktywizacji Uczestnik\u00f3w i Uczestniczek oraz ich integracji.<\/p>\n\n\n\n<p><strong>Aktualnie siedziba Centrum mie\u015bci si\u0119 przy ul. Morcinka 5-7-9 w Katowicach<\/strong><\/p>\n\n\n\n<h2 class=\"wp-block-heading\"><strong>Jak\u0105 pomoc tu znajdziesz?<\/strong><\/h2>\n\n\n\n<ul class=\"wp-block-list\">\n<li>Uzyskasz informacje dotycz\u0105ce dzia\u0142a\u0144 prowadzonych w Katowicach<strong>,<\/strong>&nbsp;kt\u00f3rych celem jest organizacja wsparcia i integracji<strong>,&nbsp;<\/strong>szczeg\u00f3lnie dla dzieci i m\u0142odzie\u017cy;<\/li>\n\n\n\n<li>Skorzystasz z kawiarni integracyjnej;<\/li>\n\n\n\n<li>Dzieci skorzystaj\u0105 z zaj\u0119\u0107 animacyjnych w k\u0105ciku zabaw;<\/li>\n\n\n\n<li>Dzieci i m\u0142odzie\u017c skorzystaj\u0105 z biblioteczki z literatur\u0105 ukrai\u0144skoj\u0119zyczn\u0105;<\/li>\n\n\n\n<li>Znajdziesz wsparcie psychologiczne;<\/li>\n\n\n\n<li>Zasi\u0119gniesz porady z zakresu prawa, logopedii, pedagogiki, psychologii, doradztwa zawodowego, a tak\u017ce za\u0142atwiania spraw bie\u017c\u0105cych i urz\u0119dowych w Katowicach;<\/li>\n\n\n\n<li>Dzieci i m\u0142odzie\u017c skorzystaj\u0105 z nauki j\u0119zyka polskiego, korepetycji wed\u0142ug potrzeb czy zaj\u0119\u0107, kt\u00f3re pomog\u0105 przezwyci\u0119\u017cy\u0107 k\u0142opoty w opanowaniu konkretnych umiej\u0119tno\u015bci i przyswojeniu wiedzy;<\/li>\n\n\n\n<li>W Centrum b\u0119d\u0105 prowadzone warsztaty, spotkania informacyjne i zaj\u0119cia ruchowe dla rodzic\u00f3w i opiekun\u00f3w dzieci;<\/li>\n\n\n\n<li>We\u017amiesz udzia\u0142 w warsztatach z zakresu przeciwdzia\u0142ania dyskryminacji i przemocy, edukacji zdrowotnej dzieci i m\u0142odzie\u017cy, w tym profilaktyki ci\u0105\u017c w\u015br\u00f3d nastolatek, zdrowego \u017cywienia, r\u00f3\u017cnic kulturowych, nabywania pewno\u015bci siebie, profilaktyki uzale\u017cnienia od substancji psychoaktywnych, alkoholu i nikotyny;<\/li>\n\n\n\n<li>Uzyskasz pomoc w t\u0142umaczeniach polsko-ukrai\u0144skich i ukrai\u0144sko \u2013 polskich.<\/li>\n<\/ul>\n\n\n\n<h2 class=\"wp-block-heading\">Aktualny regulamin Spilno Hub:<\/h2>\n\n\n\n<div data-wp-interactive=\"core\/file\" class=\"wp-block-file\"><object data-wp-bind--hidden=\"!state.hasPdfPreview\" hidden class=\"wp-block-file__embed\" data=\"https:\/\/www.mostkatowice.pl\/wp-content\/uploads\/2025\/09\/Regulamin-SPilno-papier-firmowy-light-nowy-adres-PDF.pdf\" type=\"application\/pdf\" style=\"width:100%;height:600px\" aria-label=\"Embed of Regulamin SPilno papier firmowy light nowy adres PDF.\"><\/object><a id=\"wp-block-file--media-8387c4a2-0060-41aa-8c59-1af516d06c53\" href=\"https:\/\/www.mostkatowice.pl\/wp-content\/uploads\/2025\/09\/Regulamin-SPilno-papier-firmowy-light-nowy-adres-PDF.pdf\">Regulamin SPilno papier firmowy light nowy adres PDF<\/a><a href=\"https:\/\/www.mostkatowice.pl\/wp-content\/uploads\/2025\/09\/Regulamin-SPilno-papier-firmowy-light-nowy-adres-PDF.pdf\" class=\"wp-block-file__button wp-element-button\" download aria-describedby=\"wp-block-file--media-8387c4a2-0060-41aa-8c59-1af516d06c53\">Pobierz<\/a><\/div>\n\n\n\n<h2 class=\"wp-block-heading\">Kontakt:<\/h2>\n\n\n\n<p>Centrum Spilno Hub Katowice<\/p>\n\n\n\n<p>ul. Morcinka 5-7-9<\/p>\n\n\n\n<p>40-125 Katowice<\/p>\n\n\n\n<p>tel. 535 279 285<\/p>\n\n\n\n<p>mail:&nbsp;<a href=\"mailto:spilno@mostkatowice.pl\" target=\"_blank\" rel=\"noreferrer noopener\">spilno@mostkatowice.pl<\/a><\/p>\n\n\n\n<figure class=\"wp-block-image\"><img decoding=\"async\" src=\"https:\/\/dlaukrainy.katowice.eu\/wp-content\/uploads\/2022\/11\/UNICEF-z-MOST.jpg\" alt=\"\" class=\"wp-image-5050\"\/><\/figure>","protected":false},"excerpt":{"rendered":"<p>Czym jest Centrum Spilno Hub \u2013 UNICEF Katowice?&nbsp; To przestrze\u0144 przyjazna integracji spo\u0142eczno\u015bci polskiej i uchod\u017aczej, kt\u00f3ra powsta\u0142a w ramach porozumienia pomi\u0119dzy Miastem Katowice a Funduszem Narod\u00f3w Zjednoczonych na Rzecz Dzieci \u2013 UNICEF. Centrum dzia\u0142a na zasadzie kawiarni spo\u0142ecznej. Dzia\u0142alno\u015b\u0107 Centrum polega na&nbsp;aktywizacji Uczestnik\u00f3w i Uczestniczek oraz ich integracji. Aktualnie siedziba Centrum mie\u015bci si\u0119 przy [&hellip;]<\/p>","protected":false},"author":2,"featured_media":1757,"parent":317,"menu_order":0,"comment_status":"closed","ping_status":"closed","template":"","meta":{"om_disable_all_campaigns":false,"_monsterinsights_skip_tracking":false,"_monsterinsights_sitenote_active":false,"_monsterinsights_sitenote_note":"","_monsterinsights_sitenote_category":0,"_uf_show_specific_survey":0,"_uf_disable_surveys":false,"footnotes":""},"class_list":["post-969","page","type-page","status-publish","has-post-thumbnail","hentry"],"yoast_head":"<!-- This site is optimized with the Yoast SEO plugin v26.8 - https:\/\/yoast.com\/product\/yoast-seo-wordpress\/ -->\n<title>Spilno Hub Katowice - Stowarzyszenie MOST<\/title>\n<meta name=\"description\" content=\"Aktualny Regulamin Przestrzeni Spilno Hub zamieszczony w formie za\u0142\u0105cznika w formacie PDF reguluj\u0105cy zasady funkcjonowania w przestrzeni\" \/>\n<meta name=\"robots\" content=\"index, follow, max-snippet:-1, max-image-preview:large, max-video-preview:-1\" \/>\n<link rel=\"canonical\" href=\"https:\/\/www.mostkatowice.pl\/en\/projekty-stare\/spilno-hub-unicef-katowice\/\" \/>\n<meta property=\"og:locale\" content=\"en_US\" \/>\n<meta property=\"og:type\" content=\"article\" \/>\n<meta property=\"og:title\" content=\"Spilno Hub Katowice - Stowarzyszenie MOST\" \/>\n<meta property=\"og:description\" content=\"Aktualny Regulamin Przestrzeni Spilno Hub zamieszczony w formie za\u0142\u0105cznika w formacie PDF reguluj\u0105cy zasady funkcjonowania w przestrzeni\" \/>\n<meta property=\"og:url\" content=\"https:\/\/www.mostkatowice.pl\/en\/projekty-stare\/spilno-hub-unicef-katowice\/\" \/>\n<meta property=\"og:site_name\" content=\"Stowarzyszenie MOST\" \/>\n<meta property=\"article:publisher\" content=\"https:\/\/www.facebook.com\/mostkatowice\" \/>\n<meta property=\"article:modified_time\" content=\"2025-09-18T14:39:20+00:00\" \/>\n<meta property=\"og:image\" content=\"http:\/\/www.mostkatowice.pl\/wp-content\/uploads\/2023\/05\/324090977_1480476569143212_4381404002925059883_n.jpg\" \/>\n\t<meta property=\"og:image:width\" content=\"1640\" \/>\n\t<meta property=\"og:image:height\" content=\"924\" \/>\n\t<meta property=\"og:image:type\" content=\"image\/jpeg\" \/>\n<meta name=\"twitter:card\" content=\"summary_large_image\" \/>\n<meta name=\"twitter:label1\" content=\"Est. reading time\" \/>\n\t<meta name=\"twitter:data1\" content=\"2 minutes\" \/>\n<script type=\"application\/ld+json\" class=\"yoast-schema-graph\">{\"@context\":\"https:\/\/schema.org\",\"@graph\":[{\"@type\":\"WebPage\",\"@id\":\"https:\/\/www.mostkatowice.pl\/projekty-stare\/spilno-hub-unicef-katowice\/\",\"url\":\"https:\/\/www.mostkatowice.pl\/projekty-stare\/spilno-hub-unicef-katowice\/\",\"name\":\"Spilno Hub Katowice - Stowarzyszenie MOST\",\"isPartOf\":{\"@id\":\"https:\/\/www.mostkatowice.pl\/#website\"},\"primaryImageOfPage\":{\"@id\":\"https:\/\/www.mostkatowice.pl\/projekty-stare\/spilno-hub-unicef-katowice\/#primaryimage\"},\"image\":{\"@id\":\"https:\/\/www.mostkatowice.pl\/projekty-stare\/spilno-hub-unicef-katowice\/#primaryimage\"},\"thumbnailUrl\":\"https:\/\/www.mostkatowice.pl\/wp-content\/uploads\/2023\/05\/324090977_1480476569143212_4381404002925059883_n.jpg\",\"datePublished\":\"2023-05-30T14:00:49+00:00\",\"dateModified\":\"2025-09-18T14:39:20+00:00\",\"description\":\"Aktualny Regulamin Przestrzeni Spilno Hub zamieszczony w formie za\u0142\u0105cznika w formacie PDF reguluj\u0105cy zasady funkcjonowania w przestrzeni\",\"breadcrumb\":{\"@id\":\"https:\/\/www.mostkatowice.pl\/projekty-stare\/spilno-hub-unicef-katowice\/#breadcrumb\"},\"inLanguage\":\"en-US\",\"potentialAction\":[{\"@type\":\"ReadAction\",\"target\":[\"https:\/\/www.mostkatowice.pl\/projekty-stare\/spilno-hub-unicef-katowice\/\"]}]},{\"@type\":\"ImageObject\",\"inLanguage\":\"en-US\",\"@id\":\"https:\/\/www.mostkatowice.pl\/projekty-stare\/spilno-hub-unicef-katowice\/#primaryimage\",\"url\":\"https:\/\/www.mostkatowice.pl\/wp-content\/uploads\/2023\/05\/324090977_1480476569143212_4381404002925059883_n.jpg\",\"contentUrl\":\"https:\/\/www.mostkatowice.pl\/wp-content\/uploads\/2023\/05\/324090977_1480476569143212_4381404002925059883_n.jpg\",\"width\":1640,\"height\":924,\"caption\":\"Baner Spilno-HUB Katowice\"},{\"@type\":\"BreadcrumbList\",\"@id\":\"https:\/\/www.mostkatowice.pl\/projekty-stare\/spilno-hub-unicef-katowice\/#breadcrumb\",\"itemListElement\":[{\"@type\":\"ListItem\",\"position\":1,\"name\":\"Strona g\u0142\u00f3wna\",\"item\":\"https:\/\/www.mostkatowice.pl\/\"},{\"@type\":\"ListItem\",\"position\":2,\"name\":\"Projekty (stare)\",\"item\":\"https:\/\/www.mostkatowice.pl\/projekty-stare\/\"},{\"@type\":\"ListItem\",\"position\":3,\"name\":\"Spilno Hub Katowice\"}]},{\"@type\":\"WebSite\",\"@id\":\"https:\/\/www.mostkatowice.pl\/#website\",\"url\":\"https:\/\/www.mostkatowice.pl\/\",\"name\":\"Stowarzyszenie MOST\",\"description\":\"Most \u0142\u0105czy\",\"publisher\":{\"@id\":\"https:\/\/www.mostkatowice.pl\/#organization\"},\"potentialAction\":[{\"@type\":\"SearchAction\",\"target\":{\"@type\":\"EntryPoint\",\"urlTemplate\":\"https:\/\/www.mostkatowice.pl\/?s={search_term_string}\"},\"query-input\":{\"@type\":\"PropertyValueSpecification\",\"valueRequired\":true,\"valueName\":\"search_term_string\"}}],\"inLanguage\":\"en-US\"},{\"@type\":\"Organization\",\"@id\":\"https:\/\/www.mostkatowice.pl\/#organization\",\"name\":\"Stowarzyszenie MOST\",\"url\":\"https:\/\/www.mostkatowice.pl\/\",\"logo\":{\"@type\":\"ImageObject\",\"inLanguage\":\"en-US\",\"@id\":\"https:\/\/www.mostkatowice.pl\/#\/schema\/logo\/image\/\",\"url\":\"https:\/\/www.mostkatowice.pl\/wp-content\/uploads\/2022\/11\/cropped-cropped-cropped-MOST_Stowarzyszenie_Logo_RGB-03-4-e1667486323777.png\",\"contentUrl\":\"https:\/\/www.mostkatowice.pl\/wp-content\/uploads\/2022\/11\/cropped-cropped-cropped-MOST_Stowarzyszenie_Logo_RGB-03-4-e1667486323777.png\",\"width\":128,\"height\":89,\"caption\":\"Stowarzyszenie MOST\"},\"image\":{\"@id\":\"https:\/\/www.mostkatowice.pl\/#\/schema\/logo\/image\/\"},\"sameAs\":[\"https:\/\/www.facebook.com\/mostkatowice\",\"https:\/\/www.youtube.com\/@stowarzyszeniemost832\"]}]}<\/script>\n<!-- \/ Yoast SEO plugin. -->","yoast_head_json":{"title":"Spilno Hub Katowice - Stowarzyszenie MOST","description":"Aktualny Regulamin Przestrzeni Spilno Hub zamieszczony w formie za\u0142\u0105cznika w formacie PDF reguluj\u0105cy zasady funkcjonowania w przestrzeni","robots":{"index":"index","follow":"follow","max-snippet":"max-snippet:-1","max-image-preview":"max-image-preview:large","max-video-preview":"max-video-preview:-1"},"canonical":"https:\/\/www.mostkatowice.pl\/en\/projekty-stare\/spilno-hub-unicef-katowice\/","og_locale":"en_US","og_type":"article","og_title":"Spilno Hub Katowice - Stowarzyszenie MOST","og_description":"Aktualny Regulamin Przestrzeni Spilno Hub zamieszczony w formie za\u0142\u0105cznika w formacie PDF reguluj\u0105cy zasady funkcjonowania w przestrzeni","og_url":"https:\/\/www.mostkatowice.pl\/en\/projekty-stare\/spilno-hub-unicef-katowice\/","og_site_name":"Stowarzyszenie MOST","article_publisher":"https:\/\/www.facebook.com\/mostkatowice","article_modified_time":"2025-09-18T14:39:20+00:00","og_image":[{"width":1640,"height":924,"url":"http:\/\/www.mostkatowice.pl\/wp-content\/uploads\/2023\/05\/324090977_1480476569143212_4381404002925059883_n.jpg","type":"image\/jpeg"}],"twitter_card":"summary_large_image","twitter_misc":{"Est. reading time":"2 minutes"},"schema":{"@context":"https:\/\/schema.org","@graph":[{"@type":"WebPage","@id":"https:\/\/www.mostkatowice.pl\/projekty-stare\/spilno-hub-unicef-katowice\/","url":"https:\/\/www.mostkatowice.pl\/projekty-stare\/spilno-hub-unicef-katowice\/","name":"Spilno Hub Katowice - Stowarzyszenie MOST","isPartOf":{"@id":"https:\/\/www.mostkatowice.pl\/#website"},"primaryImageOfPage":{"@id":"https:\/\/www.mostkatowice.pl\/projekty-stare\/spilno-hub-unicef-katowice\/#primaryimage"},"image":{"@id":"https:\/\/www.mostkatowice.pl\/projekty-stare\/spilno-hub-unicef-katowice\/#primaryimage"},"thumbnailUrl":"https:\/\/www.mostkatowice.pl\/wp-content\/uploads\/2023\/05\/324090977_1480476569143212_4381404002925059883_n.jpg","datePublished":"2023-05-30T14:00:49+00:00","dateModified":"2025-09-18T14:39:20+00:00","description":"Aktualny Regulamin Przestrzeni Spilno Hub zamieszczony w formie za\u0142\u0105cznika w formacie PDF reguluj\u0105cy zasady funkcjonowania w przestrzeni","breadcrumb":{"@id":"https:\/\/www.mostkatowice.pl\/projekty-stare\/spilno-hub-unicef-katowice\/#breadcrumb"},"inLanguage":"en-US","potentialAction":[{"@type":"ReadAction","target":["https:\/\/www.mostkatowice.pl\/projekty-stare\/spilno-hub-unicef-katowice\/"]}]},{"@type":"ImageObject","inLanguage":"en-US","@id":"https:\/\/www.mostkatowice.pl\/projekty-stare\/spilno-hub-unicef-katowice\/#primaryimage","url":"https:\/\/www.mostkatowice.pl\/wp-content\/uploads\/2023\/05\/324090977_1480476569143212_4381404002925059883_n.jpg","contentUrl":"https:\/\/www.mostkatowice.pl\/wp-content\/uploads\/2023\/05\/324090977_1480476569143212_4381404002925059883_n.jpg","width":1640,"height":924,"caption":"Baner Spilno-HUB Katowice"},{"@type":"BreadcrumbList","@id":"https:\/\/www.mostkatowice.pl\/projekty-stare\/spilno-hub-unicef-katowice\/#breadcrumb","itemListElement":[{"@type":"ListItem","position":1,"name":"Strona g\u0142\u00f3wna","item":"https:\/\/www.mostkatowice.pl\/"},{"@type":"ListItem","position":2,"name":"Projekty (stare)","item":"https:\/\/www.mostkatowice.pl\/projekty-stare\/"},{"@type":"ListItem","position":3,"name":"Spilno Hub Katowice"}]},{"@type":"WebSite","@id":"https:\/\/www.mostkatowice.pl\/#website","url":"https:\/\/www.mostkatowice.pl\/","name":"Stowarzyszenie MOST","description":"Most \u0142\u0105czy","publisher":{"@id":"https:\/\/www.mostkatowice.pl\/#organization"},"potentialAction":[{"@type":"SearchAction","target":{"@type":"EntryPoint","urlTemplate":"https:\/\/www.mostkatowice.pl\/?s={search_term_string}"},"query-input":{"@type":"PropertyValueSpecification","valueRequired":true,"valueName":"search_term_string"}}],"inLanguage":"en-US"},{"@type":"Organization","@id":"https:\/\/www.mostkatowice.pl\/#organization","name":"Stowarzyszenie MOST","url":"https:\/\/www.mostkatowice.pl\/","logo":{"@type":"ImageObject","inLanguage":"en-US","@id":"https:\/\/www.mostkatowice.pl\/#\/schema\/logo\/image\/","url":"https:\/\/www.mostkatowice.pl\/wp-content\/uploads\/2022\/11\/cropped-cropped-cropped-MOST_Stowarzyszenie_Logo_RGB-03-4-e1667486323777.png","contentUrl":"https:\/\/www.mostkatowice.pl\/wp-content\/uploads\/2022\/11\/cropped-cropped-cropped-MOST_Stowarzyszenie_Logo_RGB-03-4-e1667486323777.png","width":128,"height":89,"caption":"Stowarzyszenie MOST"},"image":{"@id":"https:\/\/www.mostkatowice.pl\/#\/schema\/logo\/image\/"},"sameAs":["https:\/\/www.facebook.com\/mostkatowice","https:\/\/www.youtube.com\/@stowarzyszeniemost832"]}]}},"_links":{"self":[{"href":"https:\/\/www.mostkatowice.pl\/en\/wp-json\/wp\/v2\/pages\/969","targetHints":{"allow":["GET"]}}],"collection":[{"href":"https:\/\/www.mostkatowice.pl\/en\/wp-json\/wp\/v2\/pages"}],"about":[{"href":"https:\/\/www.mostkatowice.pl\/en\/wp-json\/wp\/v2\/types\/page"}],"author":[{"embeddable":true,"href":"https:\/\/www.mostkatowice.pl\/en\/wp-json\/wp\/v2\/users\/2"}],"replies":[{"embeddable":true,"href":"https:\/\/www.mostkatowice.pl\/en\/wp-json\/wp\/v2\/comments?post=969"}],"version-history":[{"count":5,"href":"https:\/\/www.mostkatowice.pl\/en\/wp-json\/wp\/v2\/pages\/969\/revisions"}],"predecessor-version":[{"id":5148,"href":"https:\/\/www.mostkatowice.pl\/en\/wp-json\/wp\/v2\/pages\/969\/revisions\/5148"}],"up":[{"embeddable":true,"href":"https:\/\/www.mostkatowice.pl\/en\/wp-json\/wp\/v2\/pages\/317"}],"wp:featuredmedia":[{"embeddable":true,"href":"https:\/\/www.mostkatowice.pl\/en\/wp-json\/wp\/v2\/media\/1757"}],"wp:attachment":[{"href":"https:\/\/www.mostkatowice.pl\/en\/wp-json\/wp\/v2\/media?parent=969"}],"curies":[{"name":"wp","href":"https:\/\/api.w.org\/{rel}","templated":true}]}}