{"id":2397,"date":"2023-09-19T13:05:31","date_gmt":"2023-09-19T11:05:31","guid":{"rendered":"https:\/\/www.mostkatowice.pl\/?page_id=2397"},"modified":"2023-09-19T13:05:32","modified_gmt":"2023-09-19T11:05:32","slug":"bipnij-dla-przejrzystosci-i-transparentnosci-ngo","status":"publish","type":"page","link":"https:\/\/www.mostkatowice.pl\/en\/projekty-stare\/bipnij-dla-przejrzystosci-i-transparentnosci-ngo\/","title":{"rendered":"BIPnij dla przejrzysto\u015bci i transparentno\u015bci NGO"},"content":{"rendered":"<p>Stowarzyszenie Wspierania Organizacji Pozarz\u0105dowych MOST od kwietnia 2012 realizuje projekt pt. \u201e<strong>BIPnij dla przejrzysto\u015bci i transparentno\u015bci NGO<\/strong>\u201d, wsp\u00f3\u0142finansowany ze \u015brodk\u00f3w Unii Europejskiej.Celem projektu jest wypracowanie narz\u0119dzi i rozwi\u0105za\u0144 dla organizacji pozarz\u0105dowych, kt\u00f3re b\u0119d\u0105 pomocne w ich bie\u017c\u0105cych dzia\u0142aniach i przyczyni\u0105 si\u0119 do poprawy standard\u00f3w ich pracy.<\/p>\n\n\n\n<p>W ramach projektu zaplanowali\u015bmy stworzenie&nbsp;<strong>wzorcowej strony internetowej BIP<\/strong>&nbsp;(Biuletyn Informacji Publicznej) dostosowanej specjalnie do potrzeb organizacji pozarz\u0105dowych. B\u0119d\u0105 one mog\u0142y bezp\u0142atnie skorzysta\u0107 z wypracowanych przez naszych ekspert\u00f3w rozwi\u0105za\u0144.W okresie od maja do czerwca br. w ramach projektu odby\u0142o si\u0119 21 seminari\u00f3w (w bloku trzech seminari\u00f3w tematycznych) w 7 podregionach wojew\u00f3dztwa \u015bl\u0105skiego: w Bielsku, Gliwicach, Katowicach, Rybniku, Bytomiu, Sosnowcu, Cz\u0119stochowie, w kt\u00f3rym wzi\u0119li udzia\u0142 przedstawiciele organizacji pozarz\u0105dowych.<br>Obecnie powo\u0142ali\u015bmy&nbsp;<strong>zesp\u00f3\u0142 ds. standaryzacji<\/strong>, kt\u00f3ry we wrze\u015bniu i pa\u017adzierniku wypracuje przedmiotowe standardy dla NGO. W jego prac\u0119 w\u0142\u0105czeni s\u0105 eksperci oraz przedstawiciele III sektora.<\/p>\n\n\n\n<p>Ju\u017c wkr\u00f3tce organizacji pozarz\u0105dowe z wojew\u00f3dztwa \u015bl\u0105skiego zainteresowane tematem standaryzacji b\u0119d\u0105 mia\u0142y mo\u017cliwo\u015b\u0107 nieodp\u0142atnie skorzysta\u0107 z profesjonalnych wskaz\u00f3wek i materia\u0142\u00f3w. Mamy nadziej\u0119, \u017ce przyczyni si\u0119 to do ich efektywniejszego dzia\u0142ania i dalszego rozwoju.<\/p>\n\n\n\n<p><em>Projekt \u201eBIPnij dla przejrzysto\u015bci i transparentno\u015bci NGO\u201d realizowany jest w okresie kwiecie\u0144 2012 \u2013 listopad 2013 przez Stowarzyszenie Wspierania Organizacji Pozarz\u0105dowych MOST oraz Stowarzyszenie Wzajemnej Pomocy Bona Fides, a wsp\u00f3\u0142finansowany przez Uni\u0119 Europejsk\u0105 w ramach Europejskiego Funduszu Spo\u0142ecznego.<\/em><\/p>","protected":false},"excerpt":{"rendered":"<p>Stowarzyszenie Wspierania Organizacji Pozarz\u0105dowych MOST od kwietnia 2012 realizuje projekt pt. \u201eBIPnij dla przejrzysto\u015bci i transparentno\u015bci NGO\u201d, wsp\u00f3\u0142finansowany ze \u015brodk\u00f3w Unii Europejskiej.Celem projektu jest wypracowanie narz\u0119dzi i rozwi\u0105za\u0144 dla organizacji pozarz\u0105dowych, kt\u00f3re b\u0119d\u0105 pomocne w ich bie\u017c\u0105cych dzia\u0142aniach i przyczyni\u0105 si\u0119 do poprawy standard\u00f3w ich pracy. W ramach projektu zaplanowali\u015bmy stworzenie&nbsp;wzorcowej strony internetowej BIP&nbsp;(Biuletyn Informacji [&hellip;]<\/p>","protected":false},"author":2,"featured_media":0,"parent":317,"menu_order":0,"comment_status":"closed","ping_status":"open","template":"","meta":{"om_disable_all_campaigns":false,"_monsterinsights_skip_tracking":false,"_monsterinsights_sitenote_active":false,"_monsterinsights_sitenote_note":"","_monsterinsights_sitenote_category":0,"_uf_show_specific_survey":0,"_uf_disable_surveys":false,"footnotes":""},"class_list":["post-2397","page","type-page","status-publish","hentry"],"yoast_head":"<!-- This site is optimized with the Yoast SEO plugin v26.8 - https:\/\/yoast.com\/product\/yoast-seo-wordpress\/ -->\n<title>BIPnij dla przejrzysto\u015bci i transparentno\u015bci NGO - Stowarzyszenie MOST<\/title>\n<meta name=\"robots\" content=\"index, follow, max-snippet:-1, max-image-preview:large, max-video-preview:-1\" \/>\n<link rel=\"canonical\" href=\"https:\/\/www.mostkatowice.pl\/en\/projekty-stare\/bipnij-dla-przejrzystosci-i-transparentnosci-ngo\/\" \/>\n<meta property=\"og:locale\" content=\"en_US\" \/>\n<meta property=\"og:type\" content=\"article\" \/>\n<meta property=\"og:title\" content=\"BIPnij dla przejrzysto\u015bci i transparentno\u015bci NGO - Stowarzyszenie MOST\" \/>\n<meta property=\"og:description\" content=\"Stowarzyszenie Wspierania Organizacji Pozarz\u0105dowych MOST od kwietnia 2012 realizuje projekt pt. \u201eBIPnij dla przejrzysto\u015bci i transparentno\u015bci NGO\u201d, wsp\u00f3\u0142finansowany ze \u015brodk\u00f3w Unii Europejskiej.Celem projektu jest wypracowanie narz\u0119dzi i rozwi\u0105za\u0144 dla organizacji pozarz\u0105dowych, kt\u00f3re b\u0119d\u0105 pomocne w ich bie\u017c\u0105cych dzia\u0142aniach i przyczyni\u0105 si\u0119 do poprawy standard\u00f3w ich pracy. W ramach projektu zaplanowali\u015bmy stworzenie&nbsp;wzorcowej strony internetowej BIP&nbsp;(Biuletyn Informacji [&hellip;]\" \/>\n<meta property=\"og:url\" content=\"https:\/\/www.mostkatowice.pl\/en\/projekty-stare\/bipnij-dla-przejrzystosci-i-transparentnosci-ngo\/\" \/>\n<meta property=\"og:site_name\" content=\"Stowarzyszenie MOST\" \/>\n<meta property=\"article:publisher\" content=\"https:\/\/www.facebook.com\/mostkatowice\" \/>\n<meta property=\"article:modified_time\" content=\"2023-09-19T11:05:32+00:00\" \/>\n<meta name=\"twitter:card\" content=\"summary_large_image\" \/>\n<meta name=\"twitter:label1\" content=\"Est. reading time\" \/>\n\t<meta name=\"twitter:data1\" content=\"2 minutes\" \/>\n<script type=\"application\/ld+json\" class=\"yoast-schema-graph\">{\"@context\":\"https:\/\/schema.org\",\"@graph\":[{\"@type\":\"WebPage\",\"@id\":\"https:\/\/www.mostkatowice.pl\/projekty-stare\/bipnij-dla-przejrzystosci-i-transparentnosci-ngo\/\",\"url\":\"https:\/\/www.mostkatowice.pl\/projekty-stare\/bipnij-dla-przejrzystosci-i-transparentnosci-ngo\/\",\"name\":\"BIPnij dla przejrzysto\u015bci i transparentno\u015bci NGO - Stowarzyszenie MOST\",\"isPartOf\":{\"@id\":\"https:\/\/www.mostkatowice.pl\/#website\"},\"datePublished\":\"2023-09-19T11:05:31+00:00\",\"dateModified\":\"2023-09-19T11:05:32+00:00\",\"breadcrumb\":{\"@id\":\"https:\/\/www.mostkatowice.pl\/projekty-stare\/bipnij-dla-przejrzystosci-i-transparentnosci-ngo\/#breadcrumb\"},\"inLanguage\":\"en-US\",\"potentialAction\":[{\"@type\":\"ReadAction\",\"target\":[\"https:\/\/www.mostkatowice.pl\/projekty-stare\/bipnij-dla-przejrzystosci-i-transparentnosci-ngo\/\"]}]},{\"@type\":\"BreadcrumbList\",\"@id\":\"https:\/\/www.mostkatowice.pl\/projekty-stare\/bipnij-dla-przejrzystosci-i-transparentnosci-ngo\/#breadcrumb\",\"itemListElement\":[{\"@type\":\"ListItem\",\"position\":1,\"name\":\"Strona g\u0142\u00f3wna\",\"item\":\"https:\/\/www.mostkatowice.pl\/\"},{\"@type\":\"ListItem\",\"position\":2,\"name\":\"Projekty (stare)\",\"item\":\"https:\/\/www.mostkatowice.pl\/projekty-stare\/\"},{\"@type\":\"ListItem\",\"position\":3,\"name\":\"BIPnij dla przejrzysto\u015bci i transparentno\u015bci NGO\"}]},{\"@type\":\"WebSite\",\"@id\":\"https:\/\/www.mostkatowice.pl\/#website\",\"url\":\"https:\/\/www.mostkatowice.pl\/\",\"name\":\"Stowarzyszenie MOST\",\"description\":\"Most \u0142\u0105czy\",\"publisher\":{\"@id\":\"https:\/\/www.mostkatowice.pl\/#organization\"},\"potentialAction\":[{\"@type\":\"SearchAction\",\"target\":{\"@type\":\"EntryPoint\",\"urlTemplate\":\"https:\/\/www.mostkatowice.pl\/?s={search_term_string}\"},\"query-input\":{\"@type\":\"PropertyValueSpecification\",\"valueRequired\":true,\"valueName\":\"search_term_string\"}}],\"inLanguage\":\"en-US\"},{\"@type\":\"Organization\",\"@id\":\"https:\/\/www.mostkatowice.pl\/#organization\",\"name\":\"Stowarzyszenie MOST\",\"url\":\"https:\/\/www.mostkatowice.pl\/\",\"logo\":{\"@type\":\"ImageObject\",\"inLanguage\":\"en-US\",\"@id\":\"https:\/\/www.mostkatowice.pl\/#\/schema\/logo\/image\/\",\"url\":\"https:\/\/www.mostkatowice.pl\/wp-content\/uploads\/2022\/11\/cropped-cropped-cropped-MOST_Stowarzyszenie_Logo_RGB-03-4-e1667486323777.png\",\"contentUrl\":\"https:\/\/www.mostkatowice.pl\/wp-content\/uploads\/2022\/11\/cropped-cropped-cropped-MOST_Stowarzyszenie_Logo_RGB-03-4-e1667486323777.png\",\"width\":128,\"height\":89,\"caption\":\"Stowarzyszenie MOST\"},\"image\":{\"@id\":\"https:\/\/www.mostkatowice.pl\/#\/schema\/logo\/image\/\"},\"sameAs\":[\"https:\/\/www.facebook.com\/mostkatowice\",\"https:\/\/www.youtube.com\/@stowarzyszeniemost832\"]}]}<\/script>\n<!-- \/ Yoast SEO plugin. -->","yoast_head_json":{"title":"BIPnij dla przejrzysto\u015bci i transparentno\u015bci NGO - Stowarzyszenie MOST","robots":{"index":"index","follow":"follow","max-snippet":"max-snippet:-1","max-image-preview":"max-image-preview:large","max-video-preview":"max-video-preview:-1"},"canonical":"https:\/\/www.mostkatowice.pl\/en\/projekty-stare\/bipnij-dla-przejrzystosci-i-transparentnosci-ngo\/","og_locale":"en_US","og_type":"article","og_title":"BIPnij dla przejrzysto\u015bci i transparentno\u015bci NGO - Stowarzyszenie MOST","og_description":"Stowarzyszenie Wspierania Organizacji Pozarz\u0105dowych MOST od kwietnia 2012 realizuje projekt pt. \u201eBIPnij dla przejrzysto\u015bci i transparentno\u015bci NGO\u201d, wsp\u00f3\u0142finansowany ze \u015brodk\u00f3w Unii Europejskiej.Celem projektu jest wypracowanie narz\u0119dzi i rozwi\u0105za\u0144 dla organizacji pozarz\u0105dowych, kt\u00f3re b\u0119d\u0105 pomocne w ich bie\u017c\u0105cych dzia\u0142aniach i przyczyni\u0105 si\u0119 do poprawy standard\u00f3w ich pracy. W ramach projektu zaplanowali\u015bmy stworzenie&nbsp;wzorcowej strony internetowej BIP&nbsp;(Biuletyn Informacji [&hellip;]","og_url":"https:\/\/www.mostkatowice.pl\/en\/projekty-stare\/bipnij-dla-przejrzystosci-i-transparentnosci-ngo\/","og_site_name":"Stowarzyszenie MOST","article_publisher":"https:\/\/www.facebook.com\/mostkatowice","article_modified_time":"2023-09-19T11:05:32+00:00","twitter_card":"summary_large_image","twitter_misc":{"Est. reading time":"2 minutes"},"schema":{"@context":"https:\/\/schema.org","@graph":[{"@type":"WebPage","@id":"https:\/\/www.mostkatowice.pl\/projekty-stare\/bipnij-dla-przejrzystosci-i-transparentnosci-ngo\/","url":"https:\/\/www.mostkatowice.pl\/projekty-stare\/bipnij-dla-przejrzystosci-i-transparentnosci-ngo\/","name":"BIPnij dla przejrzysto\u015bci i transparentno\u015bci NGO - Stowarzyszenie MOST","isPartOf":{"@id":"https:\/\/www.mostkatowice.pl\/#website"},"datePublished":"2023-09-19T11:05:31+00:00","dateModified":"2023-09-19T11:05:32+00:00","breadcrumb":{"@id":"https:\/\/www.mostkatowice.pl\/projekty-stare\/bipnij-dla-przejrzystosci-i-transparentnosci-ngo\/#breadcrumb"},"inLanguage":"en-US","potentialAction":[{"@type":"ReadAction","target":["https:\/\/www.mostkatowice.pl\/projekty-stare\/bipnij-dla-przejrzystosci-i-transparentnosci-ngo\/"]}]},{"@type":"BreadcrumbList","@id":"https:\/\/www.mostkatowice.pl\/projekty-stare\/bipnij-dla-przejrzystosci-i-transparentnosci-ngo\/#breadcrumb","itemListElement":[{"@type":"ListItem","position":1,"name":"Strona g\u0142\u00f3wna","item":"https:\/\/www.mostkatowice.pl\/"},{"@type":"ListItem","position":2,"name":"Projekty (stare)","item":"https:\/\/www.mostkatowice.pl\/projekty-stare\/"},{"@type":"ListItem","position":3,"name":"BIPnij dla przejrzysto\u015bci i transparentno\u015bci NGO"}]},{"@type":"WebSite","@id":"https:\/\/www.mostkatowice.pl\/#website","url":"https:\/\/www.mostkatowice.pl\/","name":"Stowarzyszenie MOST","description":"Most \u0142\u0105czy","publisher":{"@id":"https:\/\/www.mostkatowice.pl\/#organization"},"potentialAction":[{"@type":"SearchAction","target":{"@type":"EntryPoint","urlTemplate":"https:\/\/www.mostkatowice.pl\/?s={search_term_string}"},"query-input":{"@type":"PropertyValueSpecification","valueRequired":true,"valueName":"search_term_string"}}],"inLanguage":"en-US"},{"@type":"Organization","@id":"https:\/\/www.mostkatowice.pl\/#organization","name":"Stowarzyszenie MOST","url":"https:\/\/www.mostkatowice.pl\/","logo":{"@type":"ImageObject","inLanguage":"en-US","@id":"https:\/\/www.mostkatowice.pl\/#\/schema\/logo\/image\/","url":"https:\/\/www.mostkatowice.pl\/wp-content\/uploads\/2022\/11\/cropped-cropped-cropped-MOST_Stowarzyszenie_Logo_RGB-03-4-e1667486323777.png","contentUrl":"https:\/\/www.mostkatowice.pl\/wp-content\/uploads\/2022\/11\/cropped-cropped-cropped-MOST_Stowarzyszenie_Logo_RGB-03-4-e1667486323777.png","width":128,"height":89,"caption":"Stowarzyszenie MOST"},"image":{"@id":"https:\/\/www.mostkatowice.pl\/#\/schema\/logo\/image\/"},"sameAs":["https:\/\/www.facebook.com\/mostkatowice","https:\/\/www.youtube.com\/@stowarzyszeniemost832"]}]}},"_links":{"self":[{"href":"https:\/\/www.mostkatowice.pl\/en\/wp-json\/wp\/v2\/pages\/2397","targetHints":{"allow":["GET"]}}],"collection":[{"href":"https:\/\/www.mostkatowice.pl\/en\/wp-json\/wp\/v2\/pages"}],"about":[{"href":"https:\/\/www.mostkatowice.pl\/en\/wp-json\/wp\/v2\/types\/page"}],"author":[{"embeddable":true,"href":"https:\/\/www.mostkatowice.pl\/en\/wp-json\/wp\/v2\/users\/2"}],"replies":[{"embeddable":true,"href":"https:\/\/www.mostkatowice.pl\/en\/wp-json\/wp\/v2\/comments?post=2397"}],"version-history":[{"count":2,"href":"https:\/\/www.mostkatowice.pl\/en\/wp-json\/wp\/v2\/pages\/2397\/revisions"}],"predecessor-version":[{"id":3222,"href":"https:\/\/www.mostkatowice.pl\/en\/wp-json\/wp\/v2\/pages\/2397\/revisions\/3222"}],"up":[{"embeddable":true,"href":"https:\/\/www.mostkatowice.pl\/en\/wp-json\/wp\/v2\/pages\/317"}],"wp:attachment":[{"href":"https:\/\/www.mostkatowice.pl\/en\/wp-json\/wp\/v2\/media?parent=2397"}],"curies":[{"name":"wp","href":"https:\/\/api.w.org\/{rel}","templated":true}]}}