{"id":2315,"date":"2023-09-05T11:41:22","date_gmt":"2023-09-05T09:41:22","guid":{"rendered":"https:\/\/www.mostkatowice.pl\/?page_id=2315"},"modified":"2023-09-05T11:41:23","modified_gmt":"2023-09-05T09:41:23","slug":"wspolpraca-to-sie-oplaca","status":"publish","type":"page","link":"https:\/\/www.mostkatowice.pl\/en\/projekty-stare\/wspolpraca-to-sie-oplaca\/","title":{"rendered":"Wsp\u00f3\u0142praca &#8211; to si\u0119 op\u0142aca!"},"content":{"rendered":"<p>G\u0142\u00f3wnym celem projektu by\u0142a&nbsp;<strong>poprawa jako\u015bci wsp\u00f3\u0142pracy mi\u0119dzy organizacjami pozarz\u0105dowymi i Urz\u0119dem Miasta Zabrze<\/strong>&nbsp;poprzez wdro\u017cenie modelu wsp\u00f3\u0142pracy, partycypatywne opracowanie e-narz\u0119dzia s\u0142u\u017c\u0105cego do konsultacji oraz e-narz\u0119dzia, kt\u00f3re s\u0142u\u017cy\u0107 ma budowaniu partnerstw, wype\u0142niania wniosk\u00f3w, ich oceny i sprawozdawczo\u015bci oraz szkolenie z ich stosowania.<\/p>\n\n\n\n<p>Projekt przewidywa\u0142 szereg spotka\u0144 doradczych, szkole\u0144, kawiarenki obywatelskie w ka\u017cdej z dzielnic Zabrza, ale r\u00f3wnie\u017c powstanie materia\u0142\u00f3w informuj\u0105cych o korzy\u015bciach p\u0142yn\u0105cych z udzia\u0142u w konsultacjach spo\u0142ecznych, czy te\u017c podr\u0119cznika zasad organizacji konkurs\u00f3w dla organizacji pozarz\u0105dowych.<\/p>\n\n\n\n<p>W celu przygotowania za\u0142o\u017ce\u0144 i wdro\u017cenia Modelu Wsp\u00f3\u0142pracy powo\u0142any zosta\u0142 zesp\u00f3\u0142 ds. wsp\u00f3\u0142pracy z organizacjami sk\u0142adaj\u0105cy si\u0119 z 20 os\u00f3b:<\/p>\n\n\n\n<ul class=\"wp-block-list\">\n<li>10 przedstawicieli samorz\u0105du,<\/li>\n\n\n\n<li>10 przedstawicieli NGO.<\/li>\n<\/ul>\n\n\n\n<p>Zesp\u00f3\u0142 na 15 dniach warsztat\u00f3w, wypracowa\u0142 wytyczne i za\u0142o\u017cenia do procedur zgodnych z Modelem Wsp\u00f3\u0142pracy mi.n. z zakresu:&nbsp;<strong>konsultacji spo\u0142ecznych z NGO, standaryzacji i zlecania zada\u0144 publicznych<\/strong>&nbsp;z uwzgl\u0119dnieniem wska\u017anik\u00f3w i ich monitoringu, zgodno\u015bci&nbsp;<strong>Rocznego Programu Wsp\u00f3\u0142pracy<\/strong>&nbsp;z Modelem Wsp\u00f3\u0142pracy,&nbsp;&nbsp;<strong>zastosowania klauzul spo\u0142ecznych, wsp\u00f3\u0142pracy z JST w zakresie korzystania z mienia, w tym z narz\u0119dzi informacyjno-promocyjnych, powo\u0142ywania grup roboczych, partnerstwa publiczno-spo\u0142ecznego, w tym o\u015brodka wsparcia NGO, powo\u0142ywania partnerstw projektowych, dot. inicjatywy lokalnej.<\/strong><\/p>\n\n\n\n<p>W ramach projektu wypracowane zosta\u0142y nast\u0119puj\u0105ce narz\u0119dzia:<\/p>\n\n\n\n<ul class=\"wp-block-list\">\n<li>broszury: informuj\u0105ca o korzy\u015bciach z udzia\u0142u w konsultacjach i wskazuj\u0105ca, jak wzi\u0105\u0107 w nich udzia\u0142; informuj\u0105ca o inicjatywie lokalnej,<\/li>\n\n\n\n<li>e-narz\u0119dzie powi\u0105zane z platform\u0105 MAL s\u0142u\u017c\u0105ce do konsultacji,<\/li>\n\n\n\n<li>e-narz\u0119dzie do budowania partnerstw, wype\u0142niania wniosk\u00f3w, ich oceny i sprawozdawczo\u015bci i automatycznego publikowania na stronach BIP UM informacji o realizowanych dzia\u0142aniach przez NGO (zgodnie z procedur\u0105 informowania przez JST zgodn\u0105 z MW) oraz oceny jako\u015bci wsp\u00f3\u0142pracy<\/li>\n\n\n\n<li>Podr\u0119cznik zasad organizacji konkurs\u00f3w dla NGO, wnioskowania ,monitoringu i sprawozdawczo\u015bci, koszt\u00f3w kwalifikowalnych,&nbsp; zasad podpisywania um\u00f3w itp. (pdf i wydruk) dla NGO i JST.<\/li>\n<\/ul>\n\n\n\n<p>Projekt \u201eWsp\u00f3\u0142praca \u2013 to si\u0119 op\u0142aca!\u201d, kt\u00f3ry realizowany w partnerstwie z Miastem Zabrze, zosta\u0142 dofinansowany ze \u015brodk\u00f3w Unii Europejskiej w ramach Europejskiego Funduszu Spo\u0142ecznego.<\/p>","protected":false},"excerpt":{"rendered":"<p>G\u0142\u00f3wnym celem projektu by\u0142a&nbsp;poprawa jako\u015bci wsp\u00f3\u0142pracy mi\u0119dzy organizacjami pozarz\u0105dowymi i Urz\u0119dem Miasta Zabrze&nbsp;poprzez wdro\u017cenie modelu wsp\u00f3\u0142pracy, partycypatywne opracowanie e-narz\u0119dzia s\u0142u\u017c\u0105cego do konsultacji oraz e-narz\u0119dzia, kt\u00f3re s\u0142u\u017cy\u0107 ma budowaniu partnerstw, wype\u0142niania wniosk\u00f3w, ich oceny i sprawozdawczo\u015bci oraz szkolenie z ich stosowania. Projekt przewidywa\u0142 szereg spotka\u0144 doradczych, szkole\u0144, kawiarenki obywatelskie w ka\u017cdej z dzielnic Zabrza, ale r\u00f3wnie\u017c [&hellip;]<\/p>","protected":false},"author":2,"featured_media":0,"parent":317,"menu_order":0,"comment_status":"closed","ping_status":"open","template":"","meta":{"om_disable_all_campaigns":false,"_monsterinsights_skip_tracking":false,"_monsterinsights_sitenote_active":false,"_monsterinsights_sitenote_note":"","_monsterinsights_sitenote_category":0,"_uf_show_specific_survey":0,"_uf_disable_surveys":false,"footnotes":""},"class_list":["post-2315","page","type-page","status-publish","hentry"],"yoast_head":"<!-- This site is optimized with the Yoast SEO plugin v26.8 - https:\/\/yoast.com\/product\/yoast-seo-wordpress\/ -->\n<title>Wsp\u00f3\u0142praca - to si\u0119 op\u0142aca! - Stowarzyszenie MOST<\/title>\n<meta name=\"robots\" content=\"index, follow, max-snippet:-1, max-image-preview:large, max-video-preview:-1\" \/>\n<link rel=\"canonical\" href=\"https:\/\/www.mostkatowice.pl\/en\/projekty-stare\/wspolpraca-to-sie-oplaca\/\" \/>\n<meta property=\"og:locale\" content=\"en_US\" \/>\n<meta property=\"og:type\" content=\"article\" \/>\n<meta property=\"og:title\" content=\"Wsp\u00f3\u0142praca - to si\u0119 op\u0142aca! - Stowarzyszenie MOST\" \/>\n<meta property=\"og:description\" content=\"G\u0142\u00f3wnym celem projektu by\u0142a&nbsp;poprawa jako\u015bci wsp\u00f3\u0142pracy mi\u0119dzy organizacjami pozarz\u0105dowymi i Urz\u0119dem Miasta Zabrze&nbsp;poprzez wdro\u017cenie modelu wsp\u00f3\u0142pracy, partycypatywne opracowanie e-narz\u0119dzia s\u0142u\u017c\u0105cego do konsultacji oraz e-narz\u0119dzia, kt\u00f3re s\u0142u\u017cy\u0107 ma budowaniu partnerstw, wype\u0142niania wniosk\u00f3w, ich oceny i sprawozdawczo\u015bci oraz szkolenie z ich stosowania. Projekt przewidywa\u0142 szereg spotka\u0144 doradczych, szkole\u0144, kawiarenki obywatelskie w ka\u017cdej z dzielnic Zabrza, ale r\u00f3wnie\u017c [&hellip;]\" \/>\n<meta property=\"og:url\" content=\"https:\/\/www.mostkatowice.pl\/en\/projekty-stare\/wspolpraca-to-sie-oplaca\/\" \/>\n<meta property=\"og:site_name\" content=\"Stowarzyszenie MOST\" \/>\n<meta property=\"article:publisher\" content=\"https:\/\/www.facebook.com\/mostkatowice\" \/>\n<meta property=\"article:modified_time\" content=\"2023-09-05T09:41:23+00:00\" \/>\n<meta name=\"twitter:card\" content=\"summary_large_image\" \/>\n<meta name=\"twitter:label1\" content=\"Est. reading time\" \/>\n\t<meta name=\"twitter:data1\" content=\"2 minutes\" \/>\n<script type=\"application\/ld+json\" class=\"yoast-schema-graph\">{\"@context\":\"https:\/\/schema.org\",\"@graph\":[{\"@type\":\"WebPage\",\"@id\":\"https:\/\/www.mostkatowice.pl\/projekty-stare\/wspolpraca-to-sie-oplaca\/\",\"url\":\"https:\/\/www.mostkatowice.pl\/projekty-stare\/wspolpraca-to-sie-oplaca\/\",\"name\":\"Wsp\u00f3\u0142praca - to si\u0119 op\u0142aca! - Stowarzyszenie MOST\",\"isPartOf\":{\"@id\":\"https:\/\/www.mostkatowice.pl\/#website\"},\"datePublished\":\"2023-09-05T09:41:22+00:00\",\"dateModified\":\"2023-09-05T09:41:23+00:00\",\"breadcrumb\":{\"@id\":\"https:\/\/www.mostkatowice.pl\/projekty-stare\/wspolpraca-to-sie-oplaca\/#breadcrumb\"},\"inLanguage\":\"en-US\",\"potentialAction\":[{\"@type\":\"ReadAction\",\"target\":[\"https:\/\/www.mostkatowice.pl\/projekty-stare\/wspolpraca-to-sie-oplaca\/\"]}]},{\"@type\":\"BreadcrumbList\",\"@id\":\"https:\/\/www.mostkatowice.pl\/projekty-stare\/wspolpraca-to-sie-oplaca\/#breadcrumb\",\"itemListElement\":[{\"@type\":\"ListItem\",\"position\":1,\"name\":\"Strona g\u0142\u00f3wna\",\"item\":\"https:\/\/www.mostkatowice.pl\/\"},{\"@type\":\"ListItem\",\"position\":2,\"name\":\"Projekty (stare)\",\"item\":\"https:\/\/www.mostkatowice.pl\/projekty-stare\/\"},{\"@type\":\"ListItem\",\"position\":3,\"name\":\"Wsp\u00f3\u0142praca &#8211; to si\u0119 op\u0142aca!\"}]},{\"@type\":\"WebSite\",\"@id\":\"https:\/\/www.mostkatowice.pl\/#website\",\"url\":\"https:\/\/www.mostkatowice.pl\/\",\"name\":\"Stowarzyszenie MOST\",\"description\":\"Most \u0142\u0105czy\",\"publisher\":{\"@id\":\"https:\/\/www.mostkatowice.pl\/#organization\"},\"potentialAction\":[{\"@type\":\"SearchAction\",\"target\":{\"@type\":\"EntryPoint\",\"urlTemplate\":\"https:\/\/www.mostkatowice.pl\/?s={search_term_string}\"},\"query-input\":{\"@type\":\"PropertyValueSpecification\",\"valueRequired\":true,\"valueName\":\"search_term_string\"}}],\"inLanguage\":\"en-US\"},{\"@type\":\"Organization\",\"@id\":\"https:\/\/www.mostkatowice.pl\/#organization\",\"name\":\"Stowarzyszenie MOST\",\"url\":\"https:\/\/www.mostkatowice.pl\/\",\"logo\":{\"@type\":\"ImageObject\",\"inLanguage\":\"en-US\",\"@id\":\"https:\/\/www.mostkatowice.pl\/#\/schema\/logo\/image\/\",\"url\":\"https:\/\/www.mostkatowice.pl\/wp-content\/uploads\/2022\/11\/cropped-cropped-cropped-MOST_Stowarzyszenie_Logo_RGB-03-4-e1667486323777.png\",\"contentUrl\":\"https:\/\/www.mostkatowice.pl\/wp-content\/uploads\/2022\/11\/cropped-cropped-cropped-MOST_Stowarzyszenie_Logo_RGB-03-4-e1667486323777.png\",\"width\":128,\"height\":89,\"caption\":\"Stowarzyszenie MOST\"},\"image\":{\"@id\":\"https:\/\/www.mostkatowice.pl\/#\/schema\/logo\/image\/\"},\"sameAs\":[\"https:\/\/www.facebook.com\/mostkatowice\",\"https:\/\/www.youtube.com\/@stowarzyszeniemost832\"]}]}<\/script>\n<!-- \/ Yoast SEO plugin. -->","yoast_head_json":{"title":"Wsp\u00f3\u0142praca - to si\u0119 op\u0142aca! - Stowarzyszenie MOST","robots":{"index":"index","follow":"follow","max-snippet":"max-snippet:-1","max-image-preview":"max-image-preview:large","max-video-preview":"max-video-preview:-1"},"canonical":"https:\/\/www.mostkatowice.pl\/en\/projekty-stare\/wspolpraca-to-sie-oplaca\/","og_locale":"en_US","og_type":"article","og_title":"Wsp\u00f3\u0142praca - to si\u0119 op\u0142aca! - Stowarzyszenie MOST","og_description":"G\u0142\u00f3wnym celem projektu by\u0142a&nbsp;poprawa jako\u015bci wsp\u00f3\u0142pracy mi\u0119dzy organizacjami pozarz\u0105dowymi i Urz\u0119dem Miasta Zabrze&nbsp;poprzez wdro\u017cenie modelu wsp\u00f3\u0142pracy, partycypatywne opracowanie e-narz\u0119dzia s\u0142u\u017c\u0105cego do konsultacji oraz e-narz\u0119dzia, kt\u00f3re s\u0142u\u017cy\u0107 ma budowaniu partnerstw, wype\u0142niania wniosk\u00f3w, ich oceny i sprawozdawczo\u015bci oraz szkolenie z ich stosowania. Projekt przewidywa\u0142 szereg spotka\u0144 doradczych, szkole\u0144, kawiarenki obywatelskie w ka\u017cdej z dzielnic Zabrza, ale r\u00f3wnie\u017c [&hellip;]","og_url":"https:\/\/www.mostkatowice.pl\/en\/projekty-stare\/wspolpraca-to-sie-oplaca\/","og_site_name":"Stowarzyszenie MOST","article_publisher":"https:\/\/www.facebook.com\/mostkatowice","article_modified_time":"2023-09-05T09:41:23+00:00","twitter_card":"summary_large_image","twitter_misc":{"Est. reading time":"2 minutes"},"schema":{"@context":"https:\/\/schema.org","@graph":[{"@type":"WebPage","@id":"https:\/\/www.mostkatowice.pl\/projekty-stare\/wspolpraca-to-sie-oplaca\/","url":"https:\/\/www.mostkatowice.pl\/projekty-stare\/wspolpraca-to-sie-oplaca\/","name":"Wsp\u00f3\u0142praca - to si\u0119 op\u0142aca! - Stowarzyszenie MOST","isPartOf":{"@id":"https:\/\/www.mostkatowice.pl\/#website"},"datePublished":"2023-09-05T09:41:22+00:00","dateModified":"2023-09-05T09:41:23+00:00","breadcrumb":{"@id":"https:\/\/www.mostkatowice.pl\/projekty-stare\/wspolpraca-to-sie-oplaca\/#breadcrumb"},"inLanguage":"en-US","potentialAction":[{"@type":"ReadAction","target":["https:\/\/www.mostkatowice.pl\/projekty-stare\/wspolpraca-to-sie-oplaca\/"]}]},{"@type":"BreadcrumbList","@id":"https:\/\/www.mostkatowice.pl\/projekty-stare\/wspolpraca-to-sie-oplaca\/#breadcrumb","itemListElement":[{"@type":"ListItem","position":1,"name":"Strona g\u0142\u00f3wna","item":"https:\/\/www.mostkatowice.pl\/"},{"@type":"ListItem","position":2,"name":"Projekty (stare)","item":"https:\/\/www.mostkatowice.pl\/projekty-stare\/"},{"@type":"ListItem","position":3,"name":"Wsp\u00f3\u0142praca &#8211; to si\u0119 op\u0142aca!"}]},{"@type":"WebSite","@id":"https:\/\/www.mostkatowice.pl\/#website","url":"https:\/\/www.mostkatowice.pl\/","name":"Stowarzyszenie MOST","description":"Most \u0142\u0105czy","publisher":{"@id":"https:\/\/www.mostkatowice.pl\/#organization"},"potentialAction":[{"@type":"SearchAction","target":{"@type":"EntryPoint","urlTemplate":"https:\/\/www.mostkatowice.pl\/?s={search_term_string}"},"query-input":{"@type":"PropertyValueSpecification","valueRequired":true,"valueName":"search_term_string"}}],"inLanguage":"en-US"},{"@type":"Organization","@id":"https:\/\/www.mostkatowice.pl\/#organization","name":"Stowarzyszenie MOST","url":"https:\/\/www.mostkatowice.pl\/","logo":{"@type":"ImageObject","inLanguage":"en-US","@id":"https:\/\/www.mostkatowice.pl\/#\/schema\/logo\/image\/","url":"https:\/\/www.mostkatowice.pl\/wp-content\/uploads\/2022\/11\/cropped-cropped-cropped-MOST_Stowarzyszenie_Logo_RGB-03-4-e1667486323777.png","contentUrl":"https:\/\/www.mostkatowice.pl\/wp-content\/uploads\/2022\/11\/cropped-cropped-cropped-MOST_Stowarzyszenie_Logo_RGB-03-4-e1667486323777.png","width":128,"height":89,"caption":"Stowarzyszenie MOST"},"image":{"@id":"https:\/\/www.mostkatowice.pl\/#\/schema\/logo\/image\/"},"sameAs":["https:\/\/www.facebook.com\/mostkatowice","https:\/\/www.youtube.com\/@stowarzyszeniemost832"]}]}},"_links":{"self":[{"href":"https:\/\/www.mostkatowice.pl\/en\/wp-json\/wp\/v2\/pages\/2315","targetHints":{"allow":["GET"]}}],"collection":[{"href":"https:\/\/www.mostkatowice.pl\/en\/wp-json\/wp\/v2\/pages"}],"about":[{"href":"https:\/\/www.mostkatowice.pl\/en\/wp-json\/wp\/v2\/types\/page"}],"author":[{"embeddable":true,"href":"https:\/\/www.mostkatowice.pl\/en\/wp-json\/wp\/v2\/users\/2"}],"replies":[{"embeddable":true,"href":"https:\/\/www.mostkatowice.pl\/en\/wp-json\/wp\/v2\/comments?post=2315"}],"version-history":[{"count":2,"href":"https:\/\/www.mostkatowice.pl\/en\/wp-json\/wp\/v2\/pages\/2315\/revisions"}],"predecessor-version":[{"id":3217,"href":"https:\/\/www.mostkatowice.pl\/en\/wp-json\/wp\/v2\/pages\/2315\/revisions\/3217"}],"up":[{"embeddable":true,"href":"https:\/\/www.mostkatowice.pl\/en\/wp-json\/wp\/v2\/pages\/317"}],"wp:attachment":[{"href":"https:\/\/www.mostkatowice.pl\/en\/wp-json\/wp\/v2\/media?parent=2315"}],"curies":[{"name":"wp","href":"https:\/\/api.w.org\/{rel}","templated":true}]}}