{"id":2297,"date":"2023-09-05T11:35:43","date_gmt":"2023-09-05T09:35:43","guid":{"rendered":"https:\/\/www.mostkatowice.pl\/?page_id=2297"},"modified":"2023-09-05T11:35:44","modified_gmt":"2023-09-05T09:35:44","slug":"z-dialogowani","status":"publish","type":"page","link":"https:\/\/www.mostkatowice.pl\/en\/projekty-stare\/z-dialogowani\/","title":{"rendered":"Z-dialogowani"},"content":{"rendered":"<p>W marcu 2014 r. Stowarzyszenie MOST rozpocz\u0119\u0142o realizacj\u0119 projektu \u201eZ-dialogowani\u201d, wsp\u00f3\u0142finansowanego z Funduszy EOG w ramach programu Obywatele dla Demokracji, celem kt\u00f3rego jest poprawa efektywno\u015bci funkcjonowania instytucji dialogu obywatelskiego i jako\u015bci opracowywanych przez nie rozwi\u0105za\u0144. Projekt przyczyni si\u0119 r\u00f3wnie\u017c do poprawy komunikacji mi\u0119dzy cz\u0142onkami r\u00f3\u017cnych cia\u0142 obywatelskich w 3 samorz\u0105dach wojew\u00f3dztwa \u015bl\u0105skiego.<\/p>\n\n\n\n<p>Dzia\u0142ania projektowe maj\u0105&nbsp; doprowadzi\u0107 do wypracowania interdyscyplinarnego podej\u015bcia do rozwi\u0105zywania problem\u00f3w w samorz\u0105dach oraz usprawni\u0107 koordynacj\u0119 prac instytucji dialogu obywatelskiego.<\/p>\n\n\n\n<p>W projekcie wraz z jego uczestnikami \u2013 co najmniej 45 cz\u0142onkami instytucji dialogu obywatelskiego:<\/p>\n\n\n\n<ol class=\"wp-block-list\">\n<li>opracujemy metod\u0119 interdyscyplinarnego rozwi\u0105zywania problem\u00f3w spo\u0142ecznych i wdro\u017cymy j\u0105 we wsp\u00f3\u0142pracy z 3 samorz\u0105dami;<\/li>\n\n\n\n<li>usprawnimy komunikacj\u0119 mi\u0119dzy w\/w instytucjami i opracujemy e-narz\u0119dzie standaryzuj\u0105ce protoko\u0142y z posiedze\u0144, kt\u00f3re dzi\u0119ki temu b\u0119d\u0105 dost\u0119pne w sieci, a przegl\u0105darki internetowe b\u0119d\u0105 mog\u0142y je \u0142atwo wyszuka\u0107;<\/li>\n\n\n\n<li>przygotujemy cz\u0142onk\u00f3w w\/w instytucji w 3 samorz\u0105dach do kreatywnego podej\u015bcia przy rozwi\u0105zywaniu problem\u00f3w;<\/li>\n\n\n\n<li>upowszechnimy rozwi\u0105zania wypracowane w projekcie, dzi\u0119ki czemu w kolejnych gminach i powiatach wojew\u00f3dztwa wzro\u015bnie jako\u015b\u0107 wsp\u00f3\u0142pracy.<\/li>\n<\/ol>\n\n\n\n<p>Poprawa jako\u015bci funkcjonowania IDO, dzi\u0119ki wsp\u00f3\u0142pracy, docelowo prze\u0142o\u017cy si\u0119 na wzrost efektywno\u015bci i trafno\u015bci lokalnych rozwi\u0105za\u0144, a tym samym jako\u015bci \u017cycia mieszka\u0144c\u00f3w w 3 JST.<\/p>\n\n\n\n<h2 class=\"wp-block-heading\">Etapy projektu:<\/h2>\n\n\n\n<ol class=\"wp-block-list\">\n<li>Rekrutacja, kt\u00f3ra sk\u0142ada si\u0119 pog\u0142\u0119bionej analizy funkcjonowania instytucji dialogu obywatelskiego w wojew\u00f3dztwie we wszystkich powiatach i gminach wojew\u00f3dztwa \u015bl\u0105skiego, w tym wizyt badawczych.<\/li>\n\n\n\n<li>Opracowanie zebranych danych i ich udost\u0119pniane na licencji CC.<\/li>\n\n\n\n<li>Wypracowanie rozwi\u0105za\u0144, realizowane wsp\u00f3lnie z uczestnikami projektu, kt\u00f3re to dzia\u0142anie sk\u0142ada si\u0119 z:<br>&#8211; trzech 3-dniowych warsztat\u00f3w wyjazdowych \u2013 po 1 na lokalizacj\u0119, z zakresu funkcjonowania instytucji dialogu obywatelskiego w samorz\u0105dach;<br>&#8211; spotkania w ka\u017cdej z lokalizacji, w celu opracowania analizy SWOT danej lokalizacji;<br>&#8211; trzech 3-dniowych warsztat\u00f3w \u2013 po jednym dla ka\u017cdej z lokalizacji, z zakresu pobudzania kreatywno\u015bci;<br>&#8211; opracowania narz\u0119dzi dla instytucji dialogu obywatelskiego w 3 obszarach:<br>A) usprawnienia komunikacji mi\u0119dzy instytucjami,<br>B) zapewnienia \u0142atwo\u015bci dost\u0119pu i przejrzysto\u015bci dzia\u0142a\u0144 instytucji dialogu obywatelskiego,<br>C) kompleksowego i interdyscyplinarnego podej\u015bcia do rozwi\u0105zywania problem\u00f3w lokalnych;<\/li>\n\n\n\n<li>testowania rozwi\u0105za\u0144 w ka\u017cdej z 3 lokalizacji;<\/li>\n\n\n\n<li>walidacji produkt\u00f3w projektu, a nast\u0119pnie ich modyfikacji zgodnie z wynikami ewaluacji.<\/li>\n\n\n\n<li>Wdro\u017cenie rozwi\u0105za\u0144 w samorz\u0105dach.<\/li>\n\n\n\n<li>Upowszechnianie rezultat\u00f3w projektu m.in.: poprzez spotkania w forach samorz\u0105dowych i wyst\u0105pienia podczas konferencji, publikacj\u0119 artyku\u0142\u00f3w o projekcie i proponowanych rozwi\u0105zaniach na portalach bran\u017cowych.<\/li>\n<\/ol>","protected":false},"excerpt":{"rendered":"<p>W marcu 2014 r. Stowarzyszenie MOST rozpocz\u0119\u0142o realizacj\u0119 projektu \u201eZ-dialogowani\u201d, wsp\u00f3\u0142finansowanego z Funduszy EOG w ramach programu Obywatele dla Demokracji, celem kt\u00f3rego jest poprawa efektywno\u015bci funkcjonowania instytucji dialogu obywatelskiego i jako\u015bci opracowywanych przez nie rozwi\u0105za\u0144. Projekt przyczyni si\u0119 r\u00f3wnie\u017c do poprawy komunikacji mi\u0119dzy cz\u0142onkami r\u00f3\u017cnych cia\u0142 obywatelskich w 3 samorz\u0105dach wojew\u00f3dztwa \u015bl\u0105skiego. Dzia\u0142ania projektowe maj\u0105&nbsp; [&hellip;]<\/p>","protected":false},"author":2,"featured_media":0,"parent":317,"menu_order":0,"comment_status":"closed","ping_status":"open","template":"","meta":{"om_disable_all_campaigns":false,"_monsterinsights_skip_tracking":false,"_monsterinsights_sitenote_active":false,"_monsterinsights_sitenote_note":"","_monsterinsights_sitenote_category":0,"_uf_show_specific_survey":0,"_uf_disable_surveys":false,"footnotes":""},"class_list":["post-2297","page","type-page","status-publish","hentry"],"yoast_head":"<!-- This site is optimized with the Yoast SEO plugin v26.8 - https:\/\/yoast.com\/product\/yoast-seo-wordpress\/ -->\n<title>Z-dialogowani - Stowarzyszenie MOST<\/title>\n<meta name=\"robots\" content=\"index, follow, max-snippet:-1, max-image-preview:large, max-video-preview:-1\" \/>\n<link rel=\"canonical\" href=\"https:\/\/www.mostkatowice.pl\/en\/projekty-stare\/z-dialogowani\/\" \/>\n<meta property=\"og:locale\" content=\"en_US\" \/>\n<meta property=\"og:type\" content=\"article\" \/>\n<meta property=\"og:title\" content=\"Z-dialogowani - Stowarzyszenie MOST\" \/>\n<meta property=\"og:description\" content=\"W marcu 2014 r. Stowarzyszenie MOST rozpocz\u0119\u0142o realizacj\u0119 projektu \u201eZ-dialogowani\u201d, wsp\u00f3\u0142finansowanego z Funduszy EOG w ramach programu Obywatele dla Demokracji, celem kt\u00f3rego jest poprawa efektywno\u015bci funkcjonowania instytucji dialogu obywatelskiego i jako\u015bci opracowywanych przez nie rozwi\u0105za\u0144. Projekt przyczyni si\u0119 r\u00f3wnie\u017c do poprawy komunikacji mi\u0119dzy cz\u0142onkami r\u00f3\u017cnych cia\u0142 obywatelskich w 3 samorz\u0105dach wojew\u00f3dztwa \u015bl\u0105skiego. Dzia\u0142ania projektowe maj\u0105&nbsp; [&hellip;]\" \/>\n<meta property=\"og:url\" content=\"https:\/\/www.mostkatowice.pl\/en\/projekty-stare\/z-dialogowani\/\" \/>\n<meta property=\"og:site_name\" content=\"Stowarzyszenie MOST\" \/>\n<meta property=\"article:publisher\" content=\"https:\/\/www.facebook.com\/mostkatowice\" \/>\n<meta property=\"article:modified_time\" content=\"2023-09-05T09:35:44+00:00\" \/>\n<meta name=\"twitter:card\" content=\"summary_large_image\" \/>\n<meta name=\"twitter:label1\" content=\"Est. reading time\" \/>\n\t<meta name=\"twitter:data1\" content=\"3 minutes\" \/>\n<script type=\"application\/ld+json\" class=\"yoast-schema-graph\">{\"@context\":\"https:\/\/schema.org\",\"@graph\":[{\"@type\":\"WebPage\",\"@id\":\"https:\/\/www.mostkatowice.pl\/projekty-stare\/z-dialogowani\/\",\"url\":\"https:\/\/www.mostkatowice.pl\/projekty-stare\/z-dialogowani\/\",\"name\":\"Z-dialogowani - Stowarzyszenie MOST\",\"isPartOf\":{\"@id\":\"https:\/\/www.mostkatowice.pl\/#website\"},\"datePublished\":\"2023-09-05T09:35:43+00:00\",\"dateModified\":\"2023-09-05T09:35:44+00:00\",\"breadcrumb\":{\"@id\":\"https:\/\/www.mostkatowice.pl\/projekty-stare\/z-dialogowani\/#breadcrumb\"},\"inLanguage\":\"en-US\",\"potentialAction\":[{\"@type\":\"ReadAction\",\"target\":[\"https:\/\/www.mostkatowice.pl\/projekty-stare\/z-dialogowani\/\"]}]},{\"@type\":\"BreadcrumbList\",\"@id\":\"https:\/\/www.mostkatowice.pl\/projekty-stare\/z-dialogowani\/#breadcrumb\",\"itemListElement\":[{\"@type\":\"ListItem\",\"position\":1,\"name\":\"Strona g\u0142\u00f3wna\",\"item\":\"https:\/\/www.mostkatowice.pl\/\"},{\"@type\":\"ListItem\",\"position\":2,\"name\":\"Projekty (stare)\",\"item\":\"https:\/\/www.mostkatowice.pl\/projekty-stare\/\"},{\"@type\":\"ListItem\",\"position\":3,\"name\":\"Z-dialogowani\"}]},{\"@type\":\"WebSite\",\"@id\":\"https:\/\/www.mostkatowice.pl\/#website\",\"url\":\"https:\/\/www.mostkatowice.pl\/\",\"name\":\"Stowarzyszenie MOST\",\"description\":\"Most \u0142\u0105czy\",\"publisher\":{\"@id\":\"https:\/\/www.mostkatowice.pl\/#organization\"},\"potentialAction\":[{\"@type\":\"SearchAction\",\"target\":{\"@type\":\"EntryPoint\",\"urlTemplate\":\"https:\/\/www.mostkatowice.pl\/?s={search_term_string}\"},\"query-input\":{\"@type\":\"PropertyValueSpecification\",\"valueRequired\":true,\"valueName\":\"search_term_string\"}}],\"inLanguage\":\"en-US\"},{\"@type\":\"Organization\",\"@id\":\"https:\/\/www.mostkatowice.pl\/#organization\",\"name\":\"Stowarzyszenie MOST\",\"url\":\"https:\/\/www.mostkatowice.pl\/\",\"logo\":{\"@type\":\"ImageObject\",\"inLanguage\":\"en-US\",\"@id\":\"https:\/\/www.mostkatowice.pl\/#\/schema\/logo\/image\/\",\"url\":\"https:\/\/www.mostkatowice.pl\/wp-content\/uploads\/2022\/11\/cropped-cropped-cropped-MOST_Stowarzyszenie_Logo_RGB-03-4-e1667486323777.png\",\"contentUrl\":\"https:\/\/www.mostkatowice.pl\/wp-content\/uploads\/2022\/11\/cropped-cropped-cropped-MOST_Stowarzyszenie_Logo_RGB-03-4-e1667486323777.png\",\"width\":128,\"height\":89,\"caption\":\"Stowarzyszenie MOST\"},\"image\":{\"@id\":\"https:\/\/www.mostkatowice.pl\/#\/schema\/logo\/image\/\"},\"sameAs\":[\"https:\/\/www.facebook.com\/mostkatowice\",\"https:\/\/www.youtube.com\/@stowarzyszeniemost832\"]}]}<\/script>\n<!-- \/ Yoast SEO plugin. -->","yoast_head_json":{"title":"Z-dialogowani - Stowarzyszenie MOST","robots":{"index":"index","follow":"follow","max-snippet":"max-snippet:-1","max-image-preview":"max-image-preview:large","max-video-preview":"max-video-preview:-1"},"canonical":"https:\/\/www.mostkatowice.pl\/en\/projekty-stare\/z-dialogowani\/","og_locale":"en_US","og_type":"article","og_title":"Z-dialogowani - Stowarzyszenie MOST","og_description":"W marcu 2014 r. Stowarzyszenie MOST rozpocz\u0119\u0142o realizacj\u0119 projektu \u201eZ-dialogowani\u201d, wsp\u00f3\u0142finansowanego z Funduszy EOG w ramach programu Obywatele dla Demokracji, celem kt\u00f3rego jest poprawa efektywno\u015bci funkcjonowania instytucji dialogu obywatelskiego i jako\u015bci opracowywanych przez nie rozwi\u0105za\u0144. Projekt przyczyni si\u0119 r\u00f3wnie\u017c do poprawy komunikacji mi\u0119dzy cz\u0142onkami r\u00f3\u017cnych cia\u0142 obywatelskich w 3 samorz\u0105dach wojew\u00f3dztwa \u015bl\u0105skiego. Dzia\u0142ania projektowe maj\u0105&nbsp; [&hellip;]","og_url":"https:\/\/www.mostkatowice.pl\/en\/projekty-stare\/z-dialogowani\/","og_site_name":"Stowarzyszenie MOST","article_publisher":"https:\/\/www.facebook.com\/mostkatowice","article_modified_time":"2023-09-05T09:35:44+00:00","twitter_card":"summary_large_image","twitter_misc":{"Est. reading time":"3 minutes"},"schema":{"@context":"https:\/\/schema.org","@graph":[{"@type":"WebPage","@id":"https:\/\/www.mostkatowice.pl\/projekty-stare\/z-dialogowani\/","url":"https:\/\/www.mostkatowice.pl\/projekty-stare\/z-dialogowani\/","name":"Z-dialogowani - Stowarzyszenie MOST","isPartOf":{"@id":"https:\/\/www.mostkatowice.pl\/#website"},"datePublished":"2023-09-05T09:35:43+00:00","dateModified":"2023-09-05T09:35:44+00:00","breadcrumb":{"@id":"https:\/\/www.mostkatowice.pl\/projekty-stare\/z-dialogowani\/#breadcrumb"},"inLanguage":"en-US","potentialAction":[{"@type":"ReadAction","target":["https:\/\/www.mostkatowice.pl\/projekty-stare\/z-dialogowani\/"]}]},{"@type":"BreadcrumbList","@id":"https:\/\/www.mostkatowice.pl\/projekty-stare\/z-dialogowani\/#breadcrumb","itemListElement":[{"@type":"ListItem","position":1,"name":"Strona g\u0142\u00f3wna","item":"https:\/\/www.mostkatowice.pl\/"},{"@type":"ListItem","position":2,"name":"Projekty (stare)","item":"https:\/\/www.mostkatowice.pl\/projekty-stare\/"},{"@type":"ListItem","position":3,"name":"Z-dialogowani"}]},{"@type":"WebSite","@id":"https:\/\/www.mostkatowice.pl\/#website","url":"https:\/\/www.mostkatowice.pl\/","name":"Stowarzyszenie MOST","description":"Most \u0142\u0105czy","publisher":{"@id":"https:\/\/www.mostkatowice.pl\/#organization"},"potentialAction":[{"@type":"SearchAction","target":{"@type":"EntryPoint","urlTemplate":"https:\/\/www.mostkatowice.pl\/?s={search_term_string}"},"query-input":{"@type":"PropertyValueSpecification","valueRequired":true,"valueName":"search_term_string"}}],"inLanguage":"en-US"},{"@type":"Organization","@id":"https:\/\/www.mostkatowice.pl\/#organization","name":"Stowarzyszenie MOST","url":"https:\/\/www.mostkatowice.pl\/","logo":{"@type":"ImageObject","inLanguage":"en-US","@id":"https:\/\/www.mostkatowice.pl\/#\/schema\/logo\/image\/","url":"https:\/\/www.mostkatowice.pl\/wp-content\/uploads\/2022\/11\/cropped-cropped-cropped-MOST_Stowarzyszenie_Logo_RGB-03-4-e1667486323777.png","contentUrl":"https:\/\/www.mostkatowice.pl\/wp-content\/uploads\/2022\/11\/cropped-cropped-cropped-MOST_Stowarzyszenie_Logo_RGB-03-4-e1667486323777.png","width":128,"height":89,"caption":"Stowarzyszenie MOST"},"image":{"@id":"https:\/\/www.mostkatowice.pl\/#\/schema\/logo\/image\/"},"sameAs":["https:\/\/www.facebook.com\/mostkatowice","https:\/\/www.youtube.com\/@stowarzyszeniemost832"]}]}},"_links":{"self":[{"href":"https:\/\/www.mostkatowice.pl\/en\/wp-json\/wp\/v2\/pages\/2297","targetHints":{"allow":["GET"]}}],"collection":[{"href":"https:\/\/www.mostkatowice.pl\/en\/wp-json\/wp\/v2\/pages"}],"about":[{"href":"https:\/\/www.mostkatowice.pl\/en\/wp-json\/wp\/v2\/types\/page"}],"author":[{"embeddable":true,"href":"https:\/\/www.mostkatowice.pl\/en\/wp-json\/wp\/v2\/users\/2"}],"replies":[{"embeddable":true,"href":"https:\/\/www.mostkatowice.pl\/en\/wp-json\/wp\/v2\/comments?post=2297"}],"version-history":[{"count":2,"href":"https:\/\/www.mostkatowice.pl\/en\/wp-json\/wp\/v2\/pages\/2297\/revisions"}],"predecessor-version":[{"id":3270,"href":"https:\/\/www.mostkatowice.pl\/en\/wp-json\/wp\/v2\/pages\/2297\/revisions\/3270"}],"up":[{"embeddable":true,"href":"https:\/\/www.mostkatowice.pl\/en\/wp-json\/wp\/v2\/pages\/317"}],"wp:attachment":[{"href":"https:\/\/www.mostkatowice.pl\/en\/wp-json\/wp\/v2\/media?parent=2297"}],"curies":[{"name":"wp","href":"https:\/\/api.w.org\/{rel}","templated":true}]}}