{"id":2287,"date":"2023-09-05T11:24:51","date_gmt":"2023-09-05T09:24:51","guid":{"rendered":"https:\/\/www.mostkatowice.pl\/?page_id=2287"},"modified":"2023-09-05T11:24:52","modified_gmt":"2023-09-05T09:24:52","slug":"mypart","status":"publish","type":"page","link":"https:\/\/www.mostkatowice.pl\/en\/projekty-stare\/mypart\/","title":{"rendered":"MyPart"},"content":{"rendered":"<p>Celem projektu \u201cMy PART\u201d jest poprawa jako\u015bci wsp\u00f3\u0142pracy mi\u0119dzy organizacjami pozarz\u0105dowymi a samorz\u0105dem Miasta Mys\u0142owice poprzez dro\u017cenie \u201eModelu wsp\u00f3\u0142pracy administracji publicznej i organizacji pozarz\u0105dowych\u201d , partycypacyjne opracowanie&nbsp; e-narz\u0119dzi (powi\u0105zanego z Lokaln\u0105 Platform\u0105 Wiedzy i narz\u0119dzie do sk\u0142adania ofert) oraz przeszkolenie z ich zastosowania.<\/p>\n\n\n\n<p>G\u0142\u00f3wnymi odbiorcami projektu My PART s\u0105 przedstawiciele organizacji pozarz\u0105dowych oraz administracji samorz\u0105dowej miasta Mys\u0142owice.<\/p>\n\n\n\n<p>Co b\u0119dzie dzia\u0142o si\u0119 w projekcie My PART?<br>\u2022&nbsp;&nbsp; &nbsp;Spotkania zespo\u0142u ds. wsp\u00f3\u0142pracy lokalnej<br>\u2022&nbsp;&nbsp; &nbsp;Powstanie e-narzedzia powi\u0105zanego z Lokaln\u0105 Platform\u0105 Wiedzy<br>\u2022&nbsp;&nbsp; &nbsp;Powstanie e-narz\u0119dzia s\u0142u\u017c\u0105cego do wype\u0142nienia wniosk\u00f3w, ich oceny i sprawozdawczo\u015bci<br>\u2022&nbsp;&nbsp; &nbsp;Szkolenia i doradztwo dla organizacji pozarz\u0105dowych<br>\u2022&nbsp;&nbsp; &nbsp;Powstanie broszury dotycz\u0105cej inicjatywy lokalnej<br>\u2022&nbsp;&nbsp; &nbsp;Rozpowszechnianie informacji dotycz\u0105cych konsultacji spo\u0142ecznych oraz szkolenia dla przedstawicieli organizacji pozarz\u0105dowych i administracji samorz\u0105dowej z tego zakresu<br>\u2022&nbsp;&nbsp; &nbsp;Spotkania bran\u017cowe<br>\u2022&nbsp;&nbsp; &nbsp;Animacja wielosektorowych grup bran\u017cowych<br>\u2022&nbsp;&nbsp; &nbsp;Udzia\u0142 we wsp\u00f3\u0142organizacji Dnia NGO<\/p>\n\n\n\n<p>Wi\u0119cej informacji na stronach:&nbsp;<a href=\"http:\/\/www.myslowice.pl\/\">http:\/\/www.myslowice.pl<\/a>&nbsp;<a href=\"http:\/\/www.cismyslowice.pl\/\">http:\/\/www.cismyslowice.pl\/<\/a><\/p>","protected":false},"excerpt":{"rendered":"<p>Celem projektu \u201cMy PART\u201d jest poprawa jako\u015bci wsp\u00f3\u0142pracy mi\u0119dzy organizacjami pozarz\u0105dowymi a samorz\u0105dem Miasta Mys\u0142owice poprzez dro\u017cenie \u201eModelu wsp\u00f3\u0142pracy administracji publicznej i organizacji pozarz\u0105dowych\u201d , partycypacyjne opracowanie&nbsp; e-narz\u0119dzi (powi\u0105zanego z Lokaln\u0105 Platform\u0105 Wiedzy i narz\u0119dzie do sk\u0142adania ofert) oraz przeszkolenie z ich zastosowania. G\u0142\u00f3wnymi odbiorcami projektu My PART s\u0105 przedstawiciele organizacji pozarz\u0105dowych oraz administracji samorz\u0105dowej [&hellip;]<\/p>","protected":false},"author":2,"featured_media":0,"parent":317,"menu_order":0,"comment_status":"closed","ping_status":"open","template":"","meta":{"om_disable_all_campaigns":false,"_monsterinsights_skip_tracking":false,"_monsterinsights_sitenote_active":false,"_monsterinsights_sitenote_note":"","_monsterinsights_sitenote_category":0,"_uf_show_specific_survey":0,"_uf_disable_surveys":false,"footnotes":""},"class_list":["post-2287","page","type-page","status-publish","hentry"],"yoast_head":"<!-- This site is optimized with the Yoast SEO plugin v26.8 - https:\/\/yoast.com\/product\/yoast-seo-wordpress\/ -->\n<title>MyPart - Stowarzyszenie MOST<\/title>\n<meta name=\"robots\" content=\"index, follow, max-snippet:-1, max-image-preview:large, max-video-preview:-1\" \/>\n<link rel=\"canonical\" href=\"https:\/\/www.mostkatowice.pl\/en\/projekty-stare\/mypart\/\" \/>\n<meta property=\"og:locale\" content=\"en_US\" \/>\n<meta property=\"og:type\" content=\"article\" \/>\n<meta property=\"og:title\" content=\"MyPart - Stowarzyszenie MOST\" \/>\n<meta property=\"og:description\" content=\"Celem projektu \u201cMy PART\u201d jest poprawa jako\u015bci wsp\u00f3\u0142pracy mi\u0119dzy organizacjami pozarz\u0105dowymi a samorz\u0105dem Miasta Mys\u0142owice poprzez dro\u017cenie \u201eModelu wsp\u00f3\u0142pracy administracji publicznej i organizacji pozarz\u0105dowych\u201d , partycypacyjne opracowanie&nbsp; e-narz\u0119dzi (powi\u0105zanego z Lokaln\u0105 Platform\u0105 Wiedzy i narz\u0119dzie do sk\u0142adania ofert) oraz przeszkolenie z ich zastosowania. G\u0142\u00f3wnymi odbiorcami projektu My PART s\u0105 przedstawiciele organizacji pozarz\u0105dowych oraz administracji samorz\u0105dowej [&hellip;]\" \/>\n<meta property=\"og:url\" content=\"https:\/\/www.mostkatowice.pl\/en\/projekty-stare\/mypart\/\" \/>\n<meta property=\"og:site_name\" content=\"Stowarzyszenie MOST\" \/>\n<meta property=\"article:publisher\" content=\"https:\/\/www.facebook.com\/mostkatowice\" \/>\n<meta property=\"article:modified_time\" content=\"2023-09-05T09:24:52+00:00\" \/>\n<meta name=\"twitter:card\" content=\"summary_large_image\" \/>\n<meta name=\"twitter:label1\" content=\"Est. reading time\" \/>\n\t<meta name=\"twitter:data1\" content=\"1 minute\" \/>\n<script type=\"application\/ld+json\" class=\"yoast-schema-graph\">{\"@context\":\"https:\/\/schema.org\",\"@graph\":[{\"@type\":\"WebPage\",\"@id\":\"https:\/\/www.mostkatowice.pl\/projekty-stare\/mypart\/\",\"url\":\"https:\/\/www.mostkatowice.pl\/projekty-stare\/mypart\/\",\"name\":\"MyPart - Stowarzyszenie MOST\",\"isPartOf\":{\"@id\":\"https:\/\/www.mostkatowice.pl\/#website\"},\"datePublished\":\"2023-09-05T09:24:51+00:00\",\"dateModified\":\"2023-09-05T09:24:52+00:00\",\"breadcrumb\":{\"@id\":\"https:\/\/www.mostkatowice.pl\/projekty-stare\/mypart\/#breadcrumb\"},\"inLanguage\":\"en-US\",\"potentialAction\":[{\"@type\":\"ReadAction\",\"target\":[\"https:\/\/www.mostkatowice.pl\/projekty-stare\/mypart\/\"]}]},{\"@type\":\"BreadcrumbList\",\"@id\":\"https:\/\/www.mostkatowice.pl\/projekty-stare\/mypart\/#breadcrumb\",\"itemListElement\":[{\"@type\":\"ListItem\",\"position\":1,\"name\":\"Strona g\u0142\u00f3wna\",\"item\":\"https:\/\/www.mostkatowice.pl\/\"},{\"@type\":\"ListItem\",\"position\":2,\"name\":\"Projekty (stare)\",\"item\":\"https:\/\/www.mostkatowice.pl\/projekty-stare\/\"},{\"@type\":\"ListItem\",\"position\":3,\"name\":\"MyPart\"}]},{\"@type\":\"WebSite\",\"@id\":\"https:\/\/www.mostkatowice.pl\/#website\",\"url\":\"https:\/\/www.mostkatowice.pl\/\",\"name\":\"Stowarzyszenie MOST\",\"description\":\"Most \u0142\u0105czy\",\"publisher\":{\"@id\":\"https:\/\/www.mostkatowice.pl\/#organization\"},\"potentialAction\":[{\"@type\":\"SearchAction\",\"target\":{\"@type\":\"EntryPoint\",\"urlTemplate\":\"https:\/\/www.mostkatowice.pl\/?s={search_term_string}\"},\"query-input\":{\"@type\":\"PropertyValueSpecification\",\"valueRequired\":true,\"valueName\":\"search_term_string\"}}],\"inLanguage\":\"en-US\"},{\"@type\":\"Organization\",\"@id\":\"https:\/\/www.mostkatowice.pl\/#organization\",\"name\":\"Stowarzyszenie MOST\",\"url\":\"https:\/\/www.mostkatowice.pl\/\",\"logo\":{\"@type\":\"ImageObject\",\"inLanguage\":\"en-US\",\"@id\":\"https:\/\/www.mostkatowice.pl\/#\/schema\/logo\/image\/\",\"url\":\"https:\/\/www.mostkatowice.pl\/wp-content\/uploads\/2022\/11\/cropped-cropped-cropped-MOST_Stowarzyszenie_Logo_RGB-03-4-e1667486323777.png\",\"contentUrl\":\"https:\/\/www.mostkatowice.pl\/wp-content\/uploads\/2022\/11\/cropped-cropped-cropped-MOST_Stowarzyszenie_Logo_RGB-03-4-e1667486323777.png\",\"width\":128,\"height\":89,\"caption\":\"Stowarzyszenie MOST\"},\"image\":{\"@id\":\"https:\/\/www.mostkatowice.pl\/#\/schema\/logo\/image\/\"},\"sameAs\":[\"https:\/\/www.facebook.com\/mostkatowice\",\"https:\/\/www.youtube.com\/@stowarzyszeniemost832\"]}]}<\/script>\n<!-- \/ Yoast SEO plugin. -->","yoast_head_json":{"title":"MyPart - Stowarzyszenie MOST","robots":{"index":"index","follow":"follow","max-snippet":"max-snippet:-1","max-image-preview":"max-image-preview:large","max-video-preview":"max-video-preview:-1"},"canonical":"https:\/\/www.mostkatowice.pl\/en\/projekty-stare\/mypart\/","og_locale":"en_US","og_type":"article","og_title":"MyPart - Stowarzyszenie MOST","og_description":"Celem projektu \u201cMy PART\u201d jest poprawa jako\u015bci wsp\u00f3\u0142pracy mi\u0119dzy organizacjami pozarz\u0105dowymi a samorz\u0105dem Miasta Mys\u0142owice poprzez dro\u017cenie \u201eModelu wsp\u00f3\u0142pracy administracji publicznej i organizacji pozarz\u0105dowych\u201d , partycypacyjne opracowanie&nbsp; e-narz\u0119dzi (powi\u0105zanego z Lokaln\u0105 Platform\u0105 Wiedzy i narz\u0119dzie do sk\u0142adania ofert) oraz przeszkolenie z ich zastosowania. G\u0142\u00f3wnymi odbiorcami projektu My PART s\u0105 przedstawiciele organizacji pozarz\u0105dowych oraz administracji samorz\u0105dowej [&hellip;]","og_url":"https:\/\/www.mostkatowice.pl\/en\/projekty-stare\/mypart\/","og_site_name":"Stowarzyszenie MOST","article_publisher":"https:\/\/www.facebook.com\/mostkatowice","article_modified_time":"2023-09-05T09:24:52+00:00","twitter_card":"summary_large_image","twitter_misc":{"Est. reading time":"1 minute"},"schema":{"@context":"https:\/\/schema.org","@graph":[{"@type":"WebPage","@id":"https:\/\/www.mostkatowice.pl\/projekty-stare\/mypart\/","url":"https:\/\/www.mostkatowice.pl\/projekty-stare\/mypart\/","name":"MyPart - Stowarzyszenie MOST","isPartOf":{"@id":"https:\/\/www.mostkatowice.pl\/#website"},"datePublished":"2023-09-05T09:24:51+00:00","dateModified":"2023-09-05T09:24:52+00:00","breadcrumb":{"@id":"https:\/\/www.mostkatowice.pl\/projekty-stare\/mypart\/#breadcrumb"},"inLanguage":"en-US","potentialAction":[{"@type":"ReadAction","target":["https:\/\/www.mostkatowice.pl\/projekty-stare\/mypart\/"]}]},{"@type":"BreadcrumbList","@id":"https:\/\/www.mostkatowice.pl\/projekty-stare\/mypart\/#breadcrumb","itemListElement":[{"@type":"ListItem","position":1,"name":"Strona g\u0142\u00f3wna","item":"https:\/\/www.mostkatowice.pl\/"},{"@type":"ListItem","position":2,"name":"Projekty (stare)","item":"https:\/\/www.mostkatowice.pl\/projekty-stare\/"},{"@type":"ListItem","position":3,"name":"MyPart"}]},{"@type":"WebSite","@id":"https:\/\/www.mostkatowice.pl\/#website","url":"https:\/\/www.mostkatowice.pl\/","name":"Stowarzyszenie MOST","description":"Most \u0142\u0105czy","publisher":{"@id":"https:\/\/www.mostkatowice.pl\/#organization"},"potentialAction":[{"@type":"SearchAction","target":{"@type":"EntryPoint","urlTemplate":"https:\/\/www.mostkatowice.pl\/?s={search_term_string}"},"query-input":{"@type":"PropertyValueSpecification","valueRequired":true,"valueName":"search_term_string"}}],"inLanguage":"en-US"},{"@type":"Organization","@id":"https:\/\/www.mostkatowice.pl\/#organization","name":"Stowarzyszenie MOST","url":"https:\/\/www.mostkatowice.pl\/","logo":{"@type":"ImageObject","inLanguage":"en-US","@id":"https:\/\/www.mostkatowice.pl\/#\/schema\/logo\/image\/","url":"https:\/\/www.mostkatowice.pl\/wp-content\/uploads\/2022\/11\/cropped-cropped-cropped-MOST_Stowarzyszenie_Logo_RGB-03-4-e1667486323777.png","contentUrl":"https:\/\/www.mostkatowice.pl\/wp-content\/uploads\/2022\/11\/cropped-cropped-cropped-MOST_Stowarzyszenie_Logo_RGB-03-4-e1667486323777.png","width":128,"height":89,"caption":"Stowarzyszenie MOST"},"image":{"@id":"https:\/\/www.mostkatowice.pl\/#\/schema\/logo\/image\/"},"sameAs":["https:\/\/www.facebook.com\/mostkatowice","https:\/\/www.youtube.com\/@stowarzyszeniemost832"]}]}},"_links":{"self":[{"href":"https:\/\/www.mostkatowice.pl\/en\/wp-json\/wp\/v2\/pages\/2287","targetHints":{"allow":["GET"]}}],"collection":[{"href":"https:\/\/www.mostkatowice.pl\/en\/wp-json\/wp\/v2\/pages"}],"about":[{"href":"https:\/\/www.mostkatowice.pl\/en\/wp-json\/wp\/v2\/types\/page"}],"author":[{"embeddable":true,"href":"https:\/\/www.mostkatowice.pl\/en\/wp-json\/wp\/v2\/users\/2"}],"replies":[{"embeddable":true,"href":"https:\/\/www.mostkatowice.pl\/en\/wp-json\/wp\/v2\/comments?post=2287"}],"version-history":[{"count":1,"href":"https:\/\/www.mostkatowice.pl\/en\/wp-json\/wp\/v2\/pages\/2287\/revisions"}],"predecessor-version":[{"id":2288,"href":"https:\/\/www.mostkatowice.pl\/en\/wp-json\/wp\/v2\/pages\/2287\/revisions\/2288"}],"up":[{"embeddable":true,"href":"https:\/\/www.mostkatowice.pl\/en\/wp-json\/wp\/v2\/pages\/317"}],"wp:attachment":[{"href":"https:\/\/www.mostkatowice.pl\/en\/wp-json\/wp\/v2\/media?parent=2287"}],"curies":[{"name":"wp","href":"https:\/\/api.w.org\/{rel}","templated":true}]}}