{"id":2281,"date":"2023-09-05T11:22:24","date_gmt":"2023-09-05T09:22:24","guid":{"rendered":"https:\/\/www.mostkatowice.pl\/?page_id=2281"},"modified":"2023-09-05T11:22:25","modified_gmt":"2023-09-05T09:22:25","slug":"slaska-siec-3-sektora","status":"publish","type":"page","link":"https:\/\/www.mostkatowice.pl\/en\/projekty-stare\/slaska-siec-3-sektora\/","title":{"rendered":"\u015al\u0105ska Sie\u0107 3 sektora"},"content":{"rendered":"<p><strong>Wychodz\u0105c naprzeciw zapotrzebowaniu na efektywnie dzia\u0142aj\u0105ce sieci zrzeszaj\u0105ce NGO w wojew\u00f3dztwie \u015bl\u0105skim, przedstawiamy \u201e\u015al\u0105sk\u0105 Sie\u0107 3 sektora\u201d. Projekt ten skierowany jest do organizacji pozarz\u0105dowych z naszego regionu, chc\u0105cych aktywnie wsp\u00f3\u0142pracowa\u0107 z samorz\u0105dem i z innymi NGO w obszarze realizacji swoich cel\u00f3w staturowych i w obszarze rozwoju trzeciego sektora. Wsp\u00f3lne dzia\u0142anie podnosi skuteczno\u015b\u0107 dzia\u0142ania, tworz\u0105c wizerunek kompetentnego partnera, a poprzez efekt synergii pozwala na osi\u0105ganie du\u017co lepszych rezultat\u00f3w.\u00a0<\/strong><\/p>\n\n\n\n<h2 class=\"wp-block-heading\">Idea<\/h2>\n\n\n\n<p>W wojew\u00f3dztwie \u015bl\u0105skim nie ma trwa\u0142ej i aktywnie dzia\u0142aj\u0105cej sieci zrzeszaj\u0105cej NGO z co najmniej 50% powiat\u00f3w. Funkcjonuje 15 sieci, jednak jak na teren, na kt\u00f3rym jest zarejestrowanych 9858 NGO (wg mojapolis.pl) jest to zbyt ma\u0142o. Co wi\u0119cej, ich dzia\u0142ania charakteryzuje niski potencja\u0142 i ograniczony rozw\u00f3j, co przek\u0142ada si\u0119 na \u015bredni\u0105 efektywno\u015b\u0107. Przyczyn obecnego stanu rzeczy mo\u017cna upatrywa\u0107 w braku odpowiedniego przygotowania do zarz\u0105dzania sieci\u0105 oraz w deficytach praktycznej wiedzy w zakresie aktywnej, skutecznej i synergicznej wsp\u00f3\u0142pracy, opartej na d\u0142ugofalowych strategach dzia\u0142ania i partycypacyjnym podej\u015bciu do realizowanych zada\u0144 zar\u00f3wno na etapie planowania, realizacji, promocji czy finansowania i ewaluacji.<\/p>\n\n\n\n<h2 class=\"wp-block-heading\">Cele dzia\u0142ania<\/h2>\n\n\n\n<p>G\u0142\u00f3wnym celem projektu jest powo\u0142anie jednej sieci skupiaj\u0105cej co najmniej 30 podmiot\u00f3w spo\u015br\u00f3d dzia\u0142aj\u0105cych ju\u017c na \u015al\u0105sku sieci oraz ich cz\u0142onk\u00f3w i innych ch\u0119tnych organizacji pozarz\u0105dowych, bazuj\u0105cej na \u015bcis\u0142ej wsp\u00f3\u0142pracy i wsp\u00f3lnych zasadach, co ma zapewni\u0107 dost\u0119p do odpowiednich us\u0142ug podnosz\u0105cych motywacj\u0119 do bycia w sieci oraz osi\u0105ganie cel\u00f3w poprzez wzajemn\u0105 wsp\u00f3\u0142prac\u0119. Dzia\u0142ania te przyczyni\u0105 si\u0119 do wzrostu potencja\u0142u III sektora w wojew\u00f3dztwie \u015bl\u0105skim i zbudowania wsp\u00f3lnej marki NGO, wp\u0142ywaj\u0105c na pozytywny wizerunek tworz\u0105cych j\u0105 organizacji jako rzetelnego i kompetentnego partnera w dzia\u0142aniach sfery publicznej. Co wi\u0119cej, planowane jest w\u0142\u0105czenie do sieci nowych NGO spe\u0142niaj\u0105cych kryteria oraz gotowych na podj\u0119cie wsp\u00f3\u0142pracy na zasadach dzia\u0142ania sieci. \u0141\u0105cznie do projektu zostanie w\u0142\u0105czonych 130 podmiot\u00f3w z min.19 powiat\u00f3w.<\/p>\n\n\n\n<p>Bior\u0105c pod uwag\u0119, \u017ce sieci s\u0105 tak silne jak ich najs\u0142absze ogniowo, aby mog\u0142y si\u0119 r\u00f3wnomiernie rozwija\u0107, konieczne jest wprowadzenie jednolitych standard\u00f3w dla wszystkich cz\u0142onk\u00f3w sieci. Takie standardy dla NGO zosta\u0142y wypracowane w ramach projektu \u201eBipnij dla przejrzysto\u015bci i transparentno\u015bci\u201d (standard formalno-prawny, przejrzysto\u015bci i etyczny) i uzyska\u0142y wysok\u0105 ocen\u0119 jako\u015bci, wystawion\u0105 przez NGO, kt\u00f3re go wdro\u017cy\u0142y.<\/p>\n\n\n\n<p>Kluczowym jest wykorzystanie w pe\u0142ni kompetencji tworz\u0105cych sie\u0107 podmiot\u00f3w do nawi\u0105zania dialogu z samorz\u0105dami oraz wsp\u00f3lne podejmowanie inicjatyw. Udzielaj\u0105c wsparcia, w ramach projektu, nacisk po\u0142o\u017cony zostanie na wszelkie aspekty wp\u0142ywaj\u0105ce na efektywno\u015b\u0107 dzia\u0142ania NGO, poprzez m.in.:<\/p>\n\n\n\n<ul class=\"wp-block-list\">\n<li>okre\u015blenie misji, standard\u00f3w i zasad finansowania sieci wp\u0142ywaj\u0105cych na d\u0142ugofalow\u0105 strategi\u0119 dzia\u0142ania w jej obr\u0119bie<\/li>\n\n\n\n<li>wdro\u017cenie standard\u00f3w<\/li>\n\n\n\n<li>wzrost kompetencji i motywacji cz\u0142onk\u00f3w i wolontariuszy NGO<\/li>\n\n\n\n<li>podniesienie jako\u015bci dzia\u0142ania 5 ju\u017c istniej\u0105cych sieci NGO<\/li>\n\n\n\n<li>integracj\u0119 sektora i podniesienie potencja\u0142u realizacyjnego cz\u0142onk\u00f3w sieci poprzez wzrost wiedzy i umiej\u0119tno\u015bci z zakresu wsp\u00f3\u0142pracy i realizacji projekt\u00f3w partnerskich<\/li>\n\n\n\n<li>utworzenie formalnej sieci wsp\u00f3\u0142pracy zrzeszaj\u0105cej min. 130 NGO<\/li>\n<\/ul>\n\n\n\n<p>Projekt zak\u0142ada aktywny udzia\u0142 przedstawicieli NGO w podejmowanych dzia\u0142aniach i podnoszeniu kompetencji w zakresie wsp\u00f3\u0142pracy w ramach sieci (m.in. wsp\u00f3lne pozyskiwanie dotacji, dzia\u0142ania promocyjne), usprawnieniu komunikacji mi\u0119dzy poszczeg\u00f3lnymi jej cz\u0142onkami, a tak\u017ce wsparcie w zakresie rozwi\u0105zywania problem\u00f3w.<\/p>\n\n\n\n<h2 class=\"wp-block-heading\">Dodatkowe informacje<\/h2>\n\n\n\n<p>Wi\u0119cej informacji o Sieci i podejmowanych przez ni\u0105 dzia\u0142aniach znajduje si\u0119 na&nbsp;<a href=\"http:\/\/www.slaskasiec.pl\/\">www.slaskasiec.pl<\/a><\/p>\n\n\n\n<p>Projekt, kt\u00f3ry realizowany w partnerstwie z Forum Razem z Zabrza i Forum Organizacji Pozarz\u0105dowych Subregionu Centralnego, by\u0142 wsp\u00f3\u0142finansowany ze \u015brodk\u00f3w Unii Europejskiej w ramach Europejskiego Funduszu Spo\u0142ecznego<\/p>","protected":false},"excerpt":{"rendered":"<p>Wychodz\u0105c naprzeciw zapotrzebowaniu na efektywnie dzia\u0142aj\u0105ce sieci zrzeszaj\u0105ce NGO w wojew\u00f3dztwie \u015bl\u0105skim, przedstawiamy \u201e\u015al\u0105sk\u0105 Sie\u0107 3 sektora\u201d. Projekt ten skierowany jest do organizacji pozarz\u0105dowych z naszego regionu, chc\u0105cych aktywnie wsp\u00f3\u0142pracowa\u0107 z samorz\u0105dem i z innymi NGO w obszarze realizacji swoich cel\u00f3w staturowych i w obszarze rozwoju trzeciego sektora. Wsp\u00f3lne dzia\u0142anie podnosi skuteczno\u015b\u0107 dzia\u0142ania, tworz\u0105c wizerunek [&hellip;]<\/p>","protected":false},"author":2,"featured_media":0,"parent":317,"menu_order":0,"comment_status":"closed","ping_status":"open","template":"","meta":{"om_disable_all_campaigns":false,"_monsterinsights_skip_tracking":false,"_monsterinsights_sitenote_active":false,"_monsterinsights_sitenote_note":"","_monsterinsights_sitenote_category":0,"_uf_show_specific_survey":0,"_uf_disable_surveys":false,"footnotes":""},"class_list":["post-2281","page","type-page","status-publish","hentry"],"yoast_head":"<!-- This site is optimized with the Yoast SEO plugin v26.8 - https:\/\/yoast.com\/product\/yoast-seo-wordpress\/ -->\n<title>\u015al\u0105ska Sie\u0107 3 sektora - Stowarzyszenie MOST<\/title>\n<meta name=\"description\" content=\"Wychodz\u0105c naprzeciw zapotrzebowaniu na efektywnie dzia\u0142aj\u0105ce sieci zrzeszaj\u0105ce NGO, przedstawiamy \u201e\u015al\u0105sk\u0105 Sie\u0107 3 sektora\u201d.\" \/>\n<meta name=\"robots\" content=\"index, follow, max-snippet:-1, max-image-preview:large, max-video-preview:-1\" \/>\n<link rel=\"canonical\" href=\"https:\/\/www.mostkatowice.pl\/en\/projekty-stare\/slaska-siec-3-sektora\/\" \/>\n<meta property=\"og:locale\" content=\"en_US\" \/>\n<meta property=\"og:type\" content=\"article\" \/>\n<meta property=\"og:title\" content=\"\u015al\u0105ska Sie\u0107 3 sektora - Stowarzyszenie MOST\" \/>\n<meta property=\"og:description\" content=\"Wychodz\u0105c naprzeciw zapotrzebowaniu na efektywnie dzia\u0142aj\u0105ce sieci zrzeszaj\u0105ce NGO, przedstawiamy \u201e\u015al\u0105sk\u0105 Sie\u0107 3 sektora\u201d.\" \/>\n<meta property=\"og:url\" content=\"https:\/\/www.mostkatowice.pl\/en\/projekty-stare\/slaska-siec-3-sektora\/\" \/>\n<meta property=\"og:site_name\" content=\"Stowarzyszenie MOST\" \/>\n<meta property=\"article:publisher\" content=\"https:\/\/www.facebook.com\/mostkatowice\" \/>\n<meta property=\"article:modified_time\" content=\"2023-09-05T09:22:25+00:00\" \/>\n<meta name=\"twitter:card\" content=\"summary_large_image\" \/>\n<meta name=\"twitter:label1\" content=\"Est. reading time\" \/>\n\t<meta name=\"twitter:data1\" content=\"4 minutes\" \/>\n<script type=\"application\/ld+json\" class=\"yoast-schema-graph\">{\"@context\":\"https:\/\/schema.org\",\"@graph\":[{\"@type\":\"WebPage\",\"@id\":\"https:\/\/www.mostkatowice.pl\/projekty-stare\/slaska-siec-3-sektora\/\",\"url\":\"https:\/\/www.mostkatowice.pl\/projekty-stare\/slaska-siec-3-sektora\/\",\"name\":\"\u015al\u0105ska Sie\u0107 3 sektora - Stowarzyszenie MOST\",\"isPartOf\":{\"@id\":\"https:\/\/www.mostkatowice.pl\/#website\"},\"datePublished\":\"2023-09-05T09:22:24+00:00\",\"dateModified\":\"2023-09-05T09:22:25+00:00\",\"description\":\"Wychodz\u0105c naprzeciw zapotrzebowaniu na efektywnie dzia\u0142aj\u0105ce sieci zrzeszaj\u0105ce NGO, przedstawiamy \u201e\u015al\u0105sk\u0105 Sie\u0107 3 sektora\u201d.\",\"breadcrumb\":{\"@id\":\"https:\/\/www.mostkatowice.pl\/projekty-stare\/slaska-siec-3-sektora\/#breadcrumb\"},\"inLanguage\":\"en-US\",\"potentialAction\":[{\"@type\":\"ReadAction\",\"target\":[\"https:\/\/www.mostkatowice.pl\/projekty-stare\/slaska-siec-3-sektora\/\"]}]},{\"@type\":\"BreadcrumbList\",\"@id\":\"https:\/\/www.mostkatowice.pl\/projekty-stare\/slaska-siec-3-sektora\/#breadcrumb\",\"itemListElement\":[{\"@type\":\"ListItem\",\"position\":1,\"name\":\"Strona g\u0142\u00f3wna\",\"item\":\"https:\/\/www.mostkatowice.pl\/\"},{\"@type\":\"ListItem\",\"position\":2,\"name\":\"Projekty (stare)\",\"item\":\"https:\/\/www.mostkatowice.pl\/projekty-stare\/\"},{\"@type\":\"ListItem\",\"position\":3,\"name\":\"\u015al\u0105ska Sie\u0107 3 sektora\"}]},{\"@type\":\"WebSite\",\"@id\":\"https:\/\/www.mostkatowice.pl\/#website\",\"url\":\"https:\/\/www.mostkatowice.pl\/\",\"name\":\"Stowarzyszenie MOST\",\"description\":\"Most \u0142\u0105czy\",\"publisher\":{\"@id\":\"https:\/\/www.mostkatowice.pl\/#organization\"},\"potentialAction\":[{\"@type\":\"SearchAction\",\"target\":{\"@type\":\"EntryPoint\",\"urlTemplate\":\"https:\/\/www.mostkatowice.pl\/?s={search_term_string}\"},\"query-input\":{\"@type\":\"PropertyValueSpecification\",\"valueRequired\":true,\"valueName\":\"search_term_string\"}}],\"inLanguage\":\"en-US\"},{\"@type\":\"Organization\",\"@id\":\"https:\/\/www.mostkatowice.pl\/#organization\",\"name\":\"Stowarzyszenie MOST\",\"url\":\"https:\/\/www.mostkatowice.pl\/\",\"logo\":{\"@type\":\"ImageObject\",\"inLanguage\":\"en-US\",\"@id\":\"https:\/\/www.mostkatowice.pl\/#\/schema\/logo\/image\/\",\"url\":\"https:\/\/www.mostkatowice.pl\/wp-content\/uploads\/2022\/11\/cropped-cropped-cropped-MOST_Stowarzyszenie_Logo_RGB-03-4-e1667486323777.png\",\"contentUrl\":\"https:\/\/www.mostkatowice.pl\/wp-content\/uploads\/2022\/11\/cropped-cropped-cropped-MOST_Stowarzyszenie_Logo_RGB-03-4-e1667486323777.png\",\"width\":128,\"height\":89,\"caption\":\"Stowarzyszenie MOST\"},\"image\":{\"@id\":\"https:\/\/www.mostkatowice.pl\/#\/schema\/logo\/image\/\"},\"sameAs\":[\"https:\/\/www.facebook.com\/mostkatowice\",\"https:\/\/www.youtube.com\/@stowarzyszeniemost832\"]}]}<\/script>\n<!-- \/ Yoast SEO plugin. -->","yoast_head_json":{"title":"\u015al\u0105ska Sie\u0107 3 sektora - Stowarzyszenie MOST","description":"Wychodz\u0105c naprzeciw zapotrzebowaniu na efektywnie dzia\u0142aj\u0105ce sieci zrzeszaj\u0105ce NGO, przedstawiamy \u201e\u015al\u0105sk\u0105 Sie\u0107 3 sektora\u201d.","robots":{"index":"index","follow":"follow","max-snippet":"max-snippet:-1","max-image-preview":"max-image-preview:large","max-video-preview":"max-video-preview:-1"},"canonical":"https:\/\/www.mostkatowice.pl\/en\/projekty-stare\/slaska-siec-3-sektora\/","og_locale":"en_US","og_type":"article","og_title":"\u015al\u0105ska Sie\u0107 3 sektora - Stowarzyszenie MOST","og_description":"Wychodz\u0105c naprzeciw zapotrzebowaniu na efektywnie dzia\u0142aj\u0105ce sieci zrzeszaj\u0105ce NGO, przedstawiamy \u201e\u015al\u0105sk\u0105 Sie\u0107 3 sektora\u201d.","og_url":"https:\/\/www.mostkatowice.pl\/en\/projekty-stare\/slaska-siec-3-sektora\/","og_site_name":"Stowarzyszenie MOST","article_publisher":"https:\/\/www.facebook.com\/mostkatowice","article_modified_time":"2023-09-05T09:22:25+00:00","twitter_card":"summary_large_image","twitter_misc":{"Est. reading time":"4 minutes"},"schema":{"@context":"https:\/\/schema.org","@graph":[{"@type":"WebPage","@id":"https:\/\/www.mostkatowice.pl\/projekty-stare\/slaska-siec-3-sektora\/","url":"https:\/\/www.mostkatowice.pl\/projekty-stare\/slaska-siec-3-sektora\/","name":"\u015al\u0105ska Sie\u0107 3 sektora - Stowarzyszenie MOST","isPartOf":{"@id":"https:\/\/www.mostkatowice.pl\/#website"},"datePublished":"2023-09-05T09:22:24+00:00","dateModified":"2023-09-05T09:22:25+00:00","description":"Wychodz\u0105c naprzeciw zapotrzebowaniu na efektywnie dzia\u0142aj\u0105ce sieci zrzeszaj\u0105ce NGO, przedstawiamy \u201e\u015al\u0105sk\u0105 Sie\u0107 3 sektora\u201d.","breadcrumb":{"@id":"https:\/\/www.mostkatowice.pl\/projekty-stare\/slaska-siec-3-sektora\/#breadcrumb"},"inLanguage":"en-US","potentialAction":[{"@type":"ReadAction","target":["https:\/\/www.mostkatowice.pl\/projekty-stare\/slaska-siec-3-sektora\/"]}]},{"@type":"BreadcrumbList","@id":"https:\/\/www.mostkatowice.pl\/projekty-stare\/slaska-siec-3-sektora\/#breadcrumb","itemListElement":[{"@type":"ListItem","position":1,"name":"Strona g\u0142\u00f3wna","item":"https:\/\/www.mostkatowice.pl\/"},{"@type":"ListItem","position":2,"name":"Projekty (stare)","item":"https:\/\/www.mostkatowice.pl\/projekty-stare\/"},{"@type":"ListItem","position":3,"name":"\u015al\u0105ska Sie\u0107 3 sektora"}]},{"@type":"WebSite","@id":"https:\/\/www.mostkatowice.pl\/#website","url":"https:\/\/www.mostkatowice.pl\/","name":"Stowarzyszenie MOST","description":"Most \u0142\u0105czy","publisher":{"@id":"https:\/\/www.mostkatowice.pl\/#organization"},"potentialAction":[{"@type":"SearchAction","target":{"@type":"EntryPoint","urlTemplate":"https:\/\/www.mostkatowice.pl\/?s={search_term_string}"},"query-input":{"@type":"PropertyValueSpecification","valueRequired":true,"valueName":"search_term_string"}}],"inLanguage":"en-US"},{"@type":"Organization","@id":"https:\/\/www.mostkatowice.pl\/#organization","name":"Stowarzyszenie MOST","url":"https:\/\/www.mostkatowice.pl\/","logo":{"@type":"ImageObject","inLanguage":"en-US","@id":"https:\/\/www.mostkatowice.pl\/#\/schema\/logo\/image\/","url":"https:\/\/www.mostkatowice.pl\/wp-content\/uploads\/2022\/11\/cropped-cropped-cropped-MOST_Stowarzyszenie_Logo_RGB-03-4-e1667486323777.png","contentUrl":"https:\/\/www.mostkatowice.pl\/wp-content\/uploads\/2022\/11\/cropped-cropped-cropped-MOST_Stowarzyszenie_Logo_RGB-03-4-e1667486323777.png","width":128,"height":89,"caption":"Stowarzyszenie MOST"},"image":{"@id":"https:\/\/www.mostkatowice.pl\/#\/schema\/logo\/image\/"},"sameAs":["https:\/\/www.facebook.com\/mostkatowice","https:\/\/www.youtube.com\/@stowarzyszeniemost832"]}]}},"_links":{"self":[{"href":"https:\/\/www.mostkatowice.pl\/en\/wp-json\/wp\/v2\/pages\/2281","targetHints":{"allow":["GET"]}}],"collection":[{"href":"https:\/\/www.mostkatowice.pl\/en\/wp-json\/wp\/v2\/pages"}],"about":[{"href":"https:\/\/www.mostkatowice.pl\/en\/wp-json\/wp\/v2\/types\/page"}],"author":[{"embeddable":true,"href":"https:\/\/www.mostkatowice.pl\/en\/wp-json\/wp\/v2\/users\/2"}],"replies":[{"embeddable":true,"href":"https:\/\/www.mostkatowice.pl\/en\/wp-json\/wp\/v2\/comments?post=2281"}],"version-history":[{"count":3,"href":"https:\/\/www.mostkatowice.pl\/en\/wp-json\/wp\/v2\/pages\/2281\/revisions"}],"predecessor-version":[{"id":3273,"href":"https:\/\/www.mostkatowice.pl\/en\/wp-json\/wp\/v2\/pages\/2281\/revisions\/3273"}],"up":[{"embeddable":true,"href":"https:\/\/www.mostkatowice.pl\/en\/wp-json\/wp\/v2\/pages\/317"}],"wp:attachment":[{"href":"https:\/\/www.mostkatowice.pl\/en\/wp-json\/wp\/v2\/media?parent=2281"}],"curies":[{"name":"wp","href":"https:\/\/api.w.org\/{rel}","templated":true}]}}