{"id":1920,"date":"2023-07-07T14:49:38","date_gmt":"2023-07-07T12:49:38","guid":{"rendered":"https:\/\/www.mostkatowice.pl\/?page_id=1920"},"modified":"2023-07-07T14:49:38","modified_gmt":"2023-07-07T12:49:38","slug":"katowickie-standardy-komunikacji","status":"publish","type":"page","link":"https:\/\/www.mostkatowice.pl\/en\/projekty-stare\/katowickie-standardy-komunikacji\/","title":{"rendered":"Katowickie Standardy Komunikacji"},"content":{"rendered":"<p><strong>G\u0142\u00f3wne cele<\/strong>&nbsp;projektu:<\/p>\n\n\n\n<ul class=\"wp-block-list\">\n<li>aktywizacja i wsparcie grup nieformalnych i ma\u0142ych organizacji pozarz\u0105dowych, a tak\u017ce cia\u0142 dialogu obywatelskiego w Katowicach,<\/li>\n\n\n\n<li>poprawa samoorganizacji spo\u0142ecznej,<\/li>\n\n\n\n<li>wzrost znaczenia sektora obywatelskiego w \u017cyciu publicznym.<\/li>\n<\/ul>\n\n\n\n<p>Projekt&nbsp;<strong>adresowany jest do wszystkich mieszka\u0144c\u00f3w Katowic<\/strong>, kt\u00f3rzy s\u0105 zainteresowani w\u0142\u0105czeniem si\u0119 w kszta\u0142towanie polityk publicznych, a&nbsp;<strong>w szczeg\u00f3lno\u015bci do<\/strong>:<\/p>\n\n\n\n<ul class=\"wp-block-list\">\n<li>organizacji pozarz\u0105dowych,<\/li>\n\n\n\n<li>aktywnych mieszka\u0144c\u00f3w Katowic,<\/li>\n\n\n\n<li>przedstawicieli cia\u0142 dialogu obywatelskiego z Katowic, tj. rady ds. po\u017cytku publicznego, senior\u00f3w, ON oraz m\u0142odzie\u017cowej rady miasta i rady dzielnic.<\/li>\n<\/ul>\n\n\n\n<p>Dzia\u0142ania przys\u0142u\u017c\u0105 si\u0119 do&nbsp;<strong>zwi\u0119kszenia udzia\u0142u 220 mieszka\u0144c\u00f3w w kszta\u0142towaniu polityk publicznych<\/strong>&nbsp;do 30 listopada 2024 roku.<\/p>\n\n\n\n<p>NOWEFIO&nbsp;obejmuje&nbsp;<strong>6 przemy\u015blanych i dobrze zaplanowanych \u015bcie\u017cek<\/strong>:<\/p>\n\n\n\n<ol class=\"wp-block-list\">\n<li><strong>Wypracowanie standard\u00f3w&nbsp;komunikacji&nbsp;z otoczeniem<\/strong>:\n<ul class=\"wp-block-list\">\n<li>wsp\u00f3\u0142tworzenie polityk publicznych,<\/li>\n\n\n\n<li>przygotowanie lokalnych standard\u00f3w we wsp\u00f3\u0142pracy z przedstawicielami lokalnej spo\u0142eczno\u015bci,<\/li>\n\n\n\n<li>opis standard\u00f3w i narz\u0119dzi niezb\u0119dnych do wdro\u017cenia opracowanych standard\u00f3w;<\/li>\n<\/ul>\n<\/li>\n\n\n\n<li><strong>Szko\u0142a&nbsp;komunikacji<\/strong>:\n<ul class=\"wp-block-list\">\n<li>przygotowanie przedstawicieli NGO do wsparcia lokalnych aktywist\u00f3w w komunikowaniu si\u0119 przy u\u017cyciu nowych technologii,<\/li>\n\n\n\n<li>szkolenia poruszaj\u0105ce tematyk\u0119 potrzeb i cel\u00f3w, umiej\u0119tno\u015bci doradczych, standard\u00f3w&nbsp;komunikacji, narz\u0119dzi do pracy zdalnej, udzia\u0142u w tworzeniu prawa oraz&nbsp;komunikacji&nbsp;(ze szczeg\u00f3lnym naciskiem na umiej\u0119tno\u015bci mi\u0119kkie),<\/li>\n\n\n\n<li>uko\u0144czenie szko\u0142y&nbsp;komunikacji&nbsp;b\u0119dzie stanowi\u0142o mo\u017cliwo\u015b\u0107 rozpocz\u0119cia dzia\u0142alno\u015bci jako specjalista w zakresie&nbsp;komunikacji;<\/li>\n<\/ul>\n<\/li>\n\n\n\n<li><strong>Udost\u0119pnienie&nbsp;narz\u0119dzi<\/strong>:\n<ul class=\"wp-block-list\">\n<li>przygotowanie infrastruktury technicznej potrzebnej organizacjom pozarz\u0105dowym w czasie pandemii,<\/li>\n\n\n\n<li>powstanie platformy wsp\u00f3\u0142pracy mi\u0119dzy organizacjami,<\/li>\n\n\n\n<li>uzyskanie wsparcia ze strony specjalist\u00f3w w IT;<\/li>\n<\/ul>\n<\/li>\n\n\n\n<li><strong>Udzia\u0142 w&nbsp;komunikacji&nbsp;z otoczeniem<\/strong>:\n<ul class=\"wp-block-list\">\n<li>podj\u0119cie dzia\u0142a\u0144 animacyjnych zach\u0119caj\u0105cych organizacje do udzia\u0142u w kszta\u0142towaniu polityk lokalnych oraz diagnozie problem\u00f3w,<\/li>\n\n\n\n<li>wsparcie specjalist\u00f3w&nbsp;komunikacji&nbsp;podczas pracy w terenie, motywowanie ich, monitorowanie ich pracy oraz zapewnienie wsparcia doradc\u00f3w,<\/li>\n\n\n\n<li>spotkania lokalnych organizacji i spotkania og\u00f3lnomiejskie;<\/li>\n<\/ul>\n<\/li>\n\n\n\n<li><strong>Animacja cia\u0142 dialogu obywatelskiego<\/strong>:\n<ul class=\"wp-block-list\">\n<li>spotkania poradnicze i konsultacyjne dla NGO i katowickich rad dzielnic dotycz\u0105ce m.in. tego, jak zorganizowa\u0107 proces konsultacji,<\/li>\n\n\n\n<li>spotkania sieciuj\u0105ce dla rad dialogu obywatelskiego oraz organizacji pozarz\u0105dowych;<\/li>\n<\/ul>\n<\/li>\n\n\n\n<li><strong>Ewaluacja poszczeg\u00f3lnych etap\u00f3w projektu<\/strong>:\n<ul class=\"wp-block-list\">\n<li>ewaluacja procesu opracowania standard\u00f3w oraz przygotowanie narz\u0119dzi,<\/li>\n\n\n\n<li>ewaluacja przygotowania specjalist\u00f3w&nbsp;komunikacji&nbsp;(szko\u0142a oraz doradztwo),<\/li>\n\n\n\n<li>ewaluacja dzia\u0142a\u0144 zwi\u0105zanych z animacj\u0105 i uczestnictwem w kszta\u0142towaniu prawa lokalnego.<\/li>\n<\/ul>\n<\/li>\n<\/ol>\n\n\n\n<p><strong>Data rozpocz\u0119cia projektu<\/strong>: 1.05.2022<br><strong>Data zako\u0144czenia projektu<\/strong>: 30.11.2024<br><strong>Miejsce realizacji zadania<\/strong>: Katowice<\/p>\n\n\n\n<p>Dodatkowo dzia\u0142ania dotycz\u0105ce standard\u00f3w\u00a0komunikacji, narz\u0119dzia oraz wydarzenia online b\u0119d\u0105\u00a0<strong>dost\u0119pne dla organizacji z ca\u0142ej Polski<\/strong>.<\/p>\n\n\n\n<p>Projekt dofinansowany z <strong>Funduszu Inicjatyw Obywatelskich na lata 2021-2030<\/strong> NOWEFIO<\/p>\n\n\n\n<figure class=\"wp-block-image size-large\"><img fetchpriority=\"high\" decoding=\"async\" width=\"1024\" height=\"149\" src=\"http:\/\/www.mostkatowice.pl\/wp-content\/uploads\/2022\/11\/NOWE_FIO_zestawienie_1_plik_edytowalny_KOLOR-1024x149.png\" alt=\"\" class=\"wp-image-365\" srcset=\"https:\/\/www.mostkatowice.pl\/wp-content\/uploads\/2022\/11\/NOWE_FIO_zestawienie_1_plik_edytowalny_KOLOR-1024x149.png 1024w, https:\/\/www.mostkatowice.pl\/wp-content\/uploads\/2022\/11\/NOWE_FIO_zestawienie_1_plik_edytowalny_KOLOR-300x44.png 300w, https:\/\/www.mostkatowice.pl\/wp-content\/uploads\/2022\/11\/NOWE_FIO_zestawienie_1_plik_edytowalny_KOLOR-768x112.png 768w, https:\/\/www.mostkatowice.pl\/wp-content\/uploads\/2022\/11\/NOWE_FIO_zestawienie_1_plik_edytowalny_KOLOR-1536x223.png 1536w, https:\/\/www.mostkatowice.pl\/wp-content\/uploads\/2022\/11\/NOWE_FIO_zestawienie_1_plik_edytowalny_KOLOR-2048x298.png 2048w, https:\/\/www.mostkatowice.pl\/wp-content\/uploads\/2022\/11\/NOWE_FIO_zestawienie_1_plik_edytowalny_KOLOR-18x3.png 18w\" sizes=\"(max-width: 1024px) 100vw, 1024px\" \/><\/figure>","protected":false},"excerpt":{"rendered":"<p>G\u0142\u00f3wne cele&nbsp;projektu: Projekt&nbsp;adresowany jest do wszystkich mieszka\u0144c\u00f3w Katowic, kt\u00f3rzy s\u0105 zainteresowani w\u0142\u0105czeniem si\u0119 w kszta\u0142towanie polityk publicznych, a&nbsp;w szczeg\u00f3lno\u015bci do: Dzia\u0142ania przys\u0142u\u017c\u0105 si\u0119 do&nbsp;zwi\u0119kszenia udzia\u0142u 220 mieszka\u0144c\u00f3w w kszta\u0142towaniu polityk publicznych&nbsp;do 30 listopada 2024 roku. NOWEFIO&nbsp;obejmuje&nbsp;6 przemy\u015blanych i dobrze zaplanowanych \u015bcie\u017cek: Data rozpocz\u0119cia projektu: 1.05.2022Data zako\u0144czenia projektu: 30.11.2024Miejsce realizacji zadania: Katowice Dodatkowo dzia\u0142ania dotycz\u0105ce standard\u00f3w\u00a0komunikacji, [&hellip;]<\/p>","protected":false},"author":2,"featured_media":951,"parent":317,"menu_order":0,"comment_status":"closed","ping_status":"open","template":"","meta":{"om_disable_all_campaigns":false,"_monsterinsights_skip_tracking":false,"_monsterinsights_sitenote_active":false,"_monsterinsights_sitenote_note":"","_monsterinsights_sitenote_category":0,"_uf_show_specific_survey":0,"_uf_disable_surveys":false,"footnotes":""},"class_list":["post-1920","page","type-page","status-publish","has-post-thumbnail","hentry"],"yoast_head":"<!-- This site is optimized with the Yoast SEO plugin v26.8 - https:\/\/yoast.com\/product\/yoast-seo-wordpress\/ -->\n<title>Katowickie Standardy Komunikacji - Stowarzyszenie MOST<\/title>\n<meta name=\"robots\" content=\"index, follow, max-snippet:-1, max-image-preview:large, max-video-preview:-1\" \/>\n<link rel=\"canonical\" href=\"https:\/\/www.mostkatowice.pl\/en\/projekty-stare\/katowickie-standardy-komunikacji\/\" \/>\n<meta property=\"og:locale\" content=\"en_US\" \/>\n<meta property=\"og:type\" content=\"article\" \/>\n<meta property=\"og:title\" content=\"Katowickie Standardy Komunikacji - Stowarzyszenie MOST\" \/>\n<meta property=\"og:description\" content=\"G\u0142\u00f3wne cele&nbsp;projektu: Projekt&nbsp;adresowany jest do wszystkich mieszka\u0144c\u00f3w Katowic, kt\u00f3rzy s\u0105 zainteresowani w\u0142\u0105czeniem si\u0119 w kszta\u0142towanie polityk publicznych, a&nbsp;w szczeg\u00f3lno\u015bci do: Dzia\u0142ania przys\u0142u\u017c\u0105 si\u0119 do&nbsp;zwi\u0119kszenia udzia\u0142u 220 mieszka\u0144c\u00f3w w kszta\u0142towaniu polityk publicznych&nbsp;do 30 listopada 2024 roku. NOWEFIO&nbsp;obejmuje&nbsp;6 przemy\u015blanych i dobrze zaplanowanych \u015bcie\u017cek: Data rozpocz\u0119cia projektu: 1.05.2022Data zako\u0144czenia projektu: 30.11.2024Miejsce realizacji zadania: Katowice Dodatkowo dzia\u0142ania dotycz\u0105ce standard\u00f3w\u00a0komunikacji, [&hellip;]\" \/>\n<meta property=\"og:url\" content=\"https:\/\/www.mostkatowice.pl\/en\/projekty-stare\/katowickie-standardy-komunikacji\/\" \/>\n<meta property=\"og:site_name\" content=\"Stowarzyszenie MOST\" \/>\n<meta property=\"article:publisher\" content=\"https:\/\/www.facebook.com\/mostkatowice\" \/>\n<meta property=\"og:image\" content=\"https:\/\/www.mostkatowice.pl\/wp-content\/uploads\/2023\/03\/1.png\" \/>\n\t<meta property=\"og:image:width\" content=\"940\" \/>\n\t<meta property=\"og:image:height\" content=\"788\" \/>\n\t<meta property=\"og:image:type\" content=\"image\/png\" \/>\n<meta name=\"twitter:card\" content=\"summary_large_image\" \/>\n<meta name=\"twitter:label1\" content=\"Est. reading time\" \/>\n\t<meta name=\"twitter:data1\" content=\"2 minutes\" \/>\n<script type=\"application\/ld+json\" class=\"yoast-schema-graph\">{\"@context\":\"https:\/\/schema.org\",\"@graph\":[{\"@type\":\"WebPage\",\"@id\":\"https:\/\/www.mostkatowice.pl\/projekty-stare\/katowickie-standardy-komunikacji\/\",\"url\":\"https:\/\/www.mostkatowice.pl\/projekty-stare\/katowickie-standardy-komunikacji\/\",\"name\":\"Katowickie Standardy Komunikacji - Stowarzyszenie MOST\",\"isPartOf\":{\"@id\":\"https:\/\/www.mostkatowice.pl\/#website\"},\"primaryImageOfPage\":{\"@id\":\"https:\/\/www.mostkatowice.pl\/projekty-stare\/katowickie-standardy-komunikacji\/#primaryimage\"},\"image\":{\"@id\":\"https:\/\/www.mostkatowice.pl\/projekty-stare\/katowickie-standardy-komunikacji\/#primaryimage\"},\"thumbnailUrl\":\"https:\/\/www.mostkatowice.pl\/wp-content\/uploads\/2023\/03\/1.png\",\"datePublished\":\"2023-07-07T12:49:38+00:00\",\"breadcrumb\":{\"@id\":\"https:\/\/www.mostkatowice.pl\/projekty-stare\/katowickie-standardy-komunikacji\/#breadcrumb\"},\"inLanguage\":\"en-US\",\"potentialAction\":[{\"@type\":\"ReadAction\",\"target\":[\"https:\/\/www.mostkatowice.pl\/projekty-stare\/katowickie-standardy-komunikacji\/\"]}]},{\"@type\":\"ImageObject\",\"inLanguage\":\"en-US\",\"@id\":\"https:\/\/www.mostkatowice.pl\/projekty-stare\/katowickie-standardy-komunikacji\/#primaryimage\",\"url\":\"https:\/\/www.mostkatowice.pl\/wp-content\/uploads\/2023\/03\/1.png\",\"contentUrl\":\"https:\/\/www.mostkatowice.pl\/wp-content\/uploads\/2023\/03\/1.png\",\"width\":940,\"height\":788,\"caption\":\"Grafika Katowickie standardy komunikacji\"},{\"@type\":\"BreadcrumbList\",\"@id\":\"https:\/\/www.mostkatowice.pl\/projekty-stare\/katowickie-standardy-komunikacji\/#breadcrumb\",\"itemListElement\":[{\"@type\":\"ListItem\",\"position\":1,\"name\":\"Strona g\u0142\u00f3wna\",\"item\":\"https:\/\/www.mostkatowice.pl\/\"},{\"@type\":\"ListItem\",\"position\":2,\"name\":\"Projekty (stare)\",\"item\":\"https:\/\/www.mostkatowice.pl\/projekty-stare\/\"},{\"@type\":\"ListItem\",\"position\":3,\"name\":\"Katowickie Standardy Komunikacji\"}]},{\"@type\":\"WebSite\",\"@id\":\"https:\/\/www.mostkatowice.pl\/#website\",\"url\":\"https:\/\/www.mostkatowice.pl\/\",\"name\":\"Stowarzyszenie MOST\",\"description\":\"Most \u0142\u0105czy\",\"publisher\":{\"@id\":\"https:\/\/www.mostkatowice.pl\/#organization\"},\"potentialAction\":[{\"@type\":\"SearchAction\",\"target\":{\"@type\":\"EntryPoint\",\"urlTemplate\":\"https:\/\/www.mostkatowice.pl\/?s={search_term_string}\"},\"query-input\":{\"@type\":\"PropertyValueSpecification\",\"valueRequired\":true,\"valueName\":\"search_term_string\"}}],\"inLanguage\":\"en-US\"},{\"@type\":\"Organization\",\"@id\":\"https:\/\/www.mostkatowice.pl\/#organization\",\"name\":\"Stowarzyszenie MOST\",\"url\":\"https:\/\/www.mostkatowice.pl\/\",\"logo\":{\"@type\":\"ImageObject\",\"inLanguage\":\"en-US\",\"@id\":\"https:\/\/www.mostkatowice.pl\/#\/schema\/logo\/image\/\",\"url\":\"https:\/\/www.mostkatowice.pl\/wp-content\/uploads\/2022\/11\/cropped-cropped-cropped-MOST_Stowarzyszenie_Logo_RGB-03-4-e1667486323777.png\",\"contentUrl\":\"https:\/\/www.mostkatowice.pl\/wp-content\/uploads\/2022\/11\/cropped-cropped-cropped-MOST_Stowarzyszenie_Logo_RGB-03-4-e1667486323777.png\",\"width\":128,\"height\":89,\"caption\":\"Stowarzyszenie MOST\"},\"image\":{\"@id\":\"https:\/\/www.mostkatowice.pl\/#\/schema\/logo\/image\/\"},\"sameAs\":[\"https:\/\/www.facebook.com\/mostkatowice\",\"https:\/\/www.youtube.com\/@stowarzyszeniemost832\"]}]}<\/script>\n<!-- \/ Yoast SEO plugin. -->","yoast_head_json":{"title":"Katowickie Standardy Komunikacji - Stowarzyszenie MOST","robots":{"index":"index","follow":"follow","max-snippet":"max-snippet:-1","max-image-preview":"max-image-preview:large","max-video-preview":"max-video-preview:-1"},"canonical":"https:\/\/www.mostkatowice.pl\/en\/projekty-stare\/katowickie-standardy-komunikacji\/","og_locale":"en_US","og_type":"article","og_title":"Katowickie Standardy Komunikacji - Stowarzyszenie MOST","og_description":"G\u0142\u00f3wne cele&nbsp;projektu: Projekt&nbsp;adresowany jest do wszystkich mieszka\u0144c\u00f3w Katowic, kt\u00f3rzy s\u0105 zainteresowani w\u0142\u0105czeniem si\u0119 w kszta\u0142towanie polityk publicznych, a&nbsp;w szczeg\u00f3lno\u015bci do: Dzia\u0142ania przys\u0142u\u017c\u0105 si\u0119 do&nbsp;zwi\u0119kszenia udzia\u0142u 220 mieszka\u0144c\u00f3w w kszta\u0142towaniu polityk publicznych&nbsp;do 30 listopada 2024 roku. NOWEFIO&nbsp;obejmuje&nbsp;6 przemy\u015blanych i dobrze zaplanowanych \u015bcie\u017cek: Data rozpocz\u0119cia projektu: 1.05.2022Data zako\u0144czenia projektu: 30.11.2024Miejsce realizacji zadania: Katowice Dodatkowo dzia\u0142ania dotycz\u0105ce standard\u00f3w\u00a0komunikacji, [&hellip;]","og_url":"https:\/\/www.mostkatowice.pl\/en\/projekty-stare\/katowickie-standardy-komunikacji\/","og_site_name":"Stowarzyszenie MOST","article_publisher":"https:\/\/www.facebook.com\/mostkatowice","og_image":[{"width":940,"height":788,"url":"https:\/\/www.mostkatowice.pl\/wp-content\/uploads\/2023\/03\/1.png","type":"image\/png"}],"twitter_card":"summary_large_image","twitter_misc":{"Est. reading time":"2 minutes"},"schema":{"@context":"https:\/\/schema.org","@graph":[{"@type":"WebPage","@id":"https:\/\/www.mostkatowice.pl\/projekty-stare\/katowickie-standardy-komunikacji\/","url":"https:\/\/www.mostkatowice.pl\/projekty-stare\/katowickie-standardy-komunikacji\/","name":"Katowickie Standardy Komunikacji - Stowarzyszenie MOST","isPartOf":{"@id":"https:\/\/www.mostkatowice.pl\/#website"},"primaryImageOfPage":{"@id":"https:\/\/www.mostkatowice.pl\/projekty-stare\/katowickie-standardy-komunikacji\/#primaryimage"},"image":{"@id":"https:\/\/www.mostkatowice.pl\/projekty-stare\/katowickie-standardy-komunikacji\/#primaryimage"},"thumbnailUrl":"https:\/\/www.mostkatowice.pl\/wp-content\/uploads\/2023\/03\/1.png","datePublished":"2023-07-07T12:49:38+00:00","breadcrumb":{"@id":"https:\/\/www.mostkatowice.pl\/projekty-stare\/katowickie-standardy-komunikacji\/#breadcrumb"},"inLanguage":"en-US","potentialAction":[{"@type":"ReadAction","target":["https:\/\/www.mostkatowice.pl\/projekty-stare\/katowickie-standardy-komunikacji\/"]}]},{"@type":"ImageObject","inLanguage":"en-US","@id":"https:\/\/www.mostkatowice.pl\/projekty-stare\/katowickie-standardy-komunikacji\/#primaryimage","url":"https:\/\/www.mostkatowice.pl\/wp-content\/uploads\/2023\/03\/1.png","contentUrl":"https:\/\/www.mostkatowice.pl\/wp-content\/uploads\/2023\/03\/1.png","width":940,"height":788,"caption":"Grafika Katowickie standardy komunikacji"},{"@type":"BreadcrumbList","@id":"https:\/\/www.mostkatowice.pl\/projekty-stare\/katowickie-standardy-komunikacji\/#breadcrumb","itemListElement":[{"@type":"ListItem","position":1,"name":"Strona g\u0142\u00f3wna","item":"https:\/\/www.mostkatowice.pl\/"},{"@type":"ListItem","position":2,"name":"Projekty (stare)","item":"https:\/\/www.mostkatowice.pl\/projekty-stare\/"},{"@type":"ListItem","position":3,"name":"Katowickie Standardy Komunikacji"}]},{"@type":"WebSite","@id":"https:\/\/www.mostkatowice.pl\/#website","url":"https:\/\/www.mostkatowice.pl\/","name":"Stowarzyszenie MOST","description":"Most \u0142\u0105czy","publisher":{"@id":"https:\/\/www.mostkatowice.pl\/#organization"},"potentialAction":[{"@type":"SearchAction","target":{"@type":"EntryPoint","urlTemplate":"https:\/\/www.mostkatowice.pl\/?s={search_term_string}"},"query-input":{"@type":"PropertyValueSpecification","valueRequired":true,"valueName":"search_term_string"}}],"inLanguage":"en-US"},{"@type":"Organization","@id":"https:\/\/www.mostkatowice.pl\/#organization","name":"Stowarzyszenie MOST","url":"https:\/\/www.mostkatowice.pl\/","logo":{"@type":"ImageObject","inLanguage":"en-US","@id":"https:\/\/www.mostkatowice.pl\/#\/schema\/logo\/image\/","url":"https:\/\/www.mostkatowice.pl\/wp-content\/uploads\/2022\/11\/cropped-cropped-cropped-MOST_Stowarzyszenie_Logo_RGB-03-4-e1667486323777.png","contentUrl":"https:\/\/www.mostkatowice.pl\/wp-content\/uploads\/2022\/11\/cropped-cropped-cropped-MOST_Stowarzyszenie_Logo_RGB-03-4-e1667486323777.png","width":128,"height":89,"caption":"Stowarzyszenie MOST"},"image":{"@id":"https:\/\/www.mostkatowice.pl\/#\/schema\/logo\/image\/"},"sameAs":["https:\/\/www.facebook.com\/mostkatowice","https:\/\/www.youtube.com\/@stowarzyszeniemost832"]}]}},"_links":{"self":[{"href":"https:\/\/www.mostkatowice.pl\/en\/wp-json\/wp\/v2\/pages\/1920","targetHints":{"allow":["GET"]}}],"collection":[{"href":"https:\/\/www.mostkatowice.pl\/en\/wp-json\/wp\/v2\/pages"}],"about":[{"href":"https:\/\/www.mostkatowice.pl\/en\/wp-json\/wp\/v2\/types\/page"}],"author":[{"embeddable":true,"href":"https:\/\/www.mostkatowice.pl\/en\/wp-json\/wp\/v2\/users\/2"}],"replies":[{"embeddable":true,"href":"https:\/\/www.mostkatowice.pl\/en\/wp-json\/wp\/v2\/comments?post=1920"}],"version-history":[{"count":2,"href":"https:\/\/www.mostkatowice.pl\/en\/wp-json\/wp\/v2\/pages\/1920\/revisions"}],"predecessor-version":[{"id":3211,"href":"https:\/\/www.mostkatowice.pl\/en\/wp-json\/wp\/v2\/pages\/1920\/revisions\/3211"}],"up":[{"embeddable":true,"href":"https:\/\/www.mostkatowice.pl\/en\/wp-json\/wp\/v2\/pages\/317"}],"wp:featuredmedia":[{"embeddable":true,"href":"https:\/\/www.mostkatowice.pl\/en\/wp-json\/wp\/v2\/media\/951"}],"wp:attachment":[{"href":"https:\/\/www.mostkatowice.pl\/en\/wp-json\/wp\/v2\/media?parent=1920"}],"curies":[{"name":"wp","href":"https:\/\/api.w.org\/{rel}","templated":true}]}}